{"id":536,"date":"2024-04-12T11:47:56","date_gmt":"2024-04-12T09:47:56","guid":{"rendered":"https:\/\/innocellclinic.com\/?page_id=536"},"modified":"2024-05-26T11:37:34","modified_gmt":"2024-05-26T09:37:34","slug":"dr-apati-agota","status":"publish","type":"page","link":"https:\/\/innocellclinic.com\/hu\/rolunk\/munkatarsaink\/dr-apati-agota\/","title":{"rendered":"Dr. Ap\u00e1ti \u00c1gota"},"content":{"rendered":"\t\t<div data-elementor-type=\"wp-page\" data-elementor-id=\"536\" class=\"elementor elementor-536\">\n\t\t\t\t<div class=\"elementor-element elementor-element-1314307c e-con-full e-flex e-con e-parent\" data-id=\"1314307c\" data-element_type=\"container\">\n\t\t\t\t<div class=\"elementor-element elementor-element-3eb11918 elementor-widget elementor-widget-pageTitleNarrow\" data-id=\"3eb11918\" data-element_type=\"widget\" data-widget_type=\"pageTitleNarrow.default\">\n\t\t\t\t<div class=\"elementor-widget-container\">\n\t\t\t\t\t\n<section class=\"page-title-layout1 page-title-light text-center bg-overlay bg-parallax\">\n\n\t<div class=\"bg-img\"><\/div>\n\t<div class=\"container\">\n\t\t<div class=\"row\">\n\t\t\t<div class=\"col-12\">\n\t\t\t\t<h1 class=\"pagetitle-heading\">Dr. Ap\u00e1ti \u00c1gota<\/h1>\n\n\t\t\t\t\t\t\t\t\t<p class=\"pagetitle-desc\">\n\t\t\t\t\t\tPhD - vezet\u0151 \u0151ssejtkutat\u00e1s-fejleszt\u00e9si tan\u00e1csad\u00f3\t\t\t\t\t<\/p>\n\t\t\t\t\n\t\t\t\t<div class=\"d-flex flex-wrap align-items-center justify-content-center\">\n\n\t\t\t\t\t\n\t\t\t\t\t\n\t\t\t\t<\/div>\n\n\t\t\t\t<nav><ol class=\"breadcrumb d-flex justify-content-center mb-0 mt-80\"><li class=\"breadcrumb-item\"><a href=\"https:\/\/innocellclinic.com\/hu\/\">F\u0151oldal<\/a><\/li><\/ol><\/nav>\n\t\t\t<\/div><!-- \/.col-xl-6 -->\n\t\t<\/div><!-- \/.row -->\n\t<\/div><!-- \/.container -->\n\t<a class=\"home-nav\" href=\"https:\/\/innocellclinic.com\/hu\/\">\n\t\t<i class=\"icon-home\"><\/i>\n\t<\/a>\n\t<div class=\"curve-top-shape\">\n\t\t<svg class=\"curve-svg\" xmlns=\"http:\/\/www.w3.org\/2000\/svg\" viewBox=\"0 0 1000 100\" preserveAspectRatio=\"none\">\n\t\t\t<path class=\"curve-path\" d=\"M1000,4.3V0H0v4.3C0.9,23.1,126.7,99.2,500,100S1000,22.7,1000,4.3z\"><\/path>\n\t\t<\/svg>\n\t<\/div><!-- \/.curve -->\n<\/section><!-- \/.page-title -->\n\t\t\t\t<\/div>\n\t\t\t\t<\/div>\n\t\t\t\t<\/div>\n\t\t<div class=\"elementor-element elementor-element-34b2d31a e-con-full e-flex e-con e-parent\" data-id=\"34b2d31a\" data-element_type=\"container\">\n\t\t\t\t<div class=\"elementor-element elementor-element-31344fa7 elementor-widget elementor-widget-about-simple\" data-id=\"31344fa7\" data-element_type=\"widget\" data-widget_type=\"about-simple.default\">\n\t\t\t\t<div class=\"elementor-widget-container\">\n\t\t\t\t\t\n<section class=\"about-layout1 pt-90 pb-130\">\n\t<div class=\"container\">\n\t\t<div class=\"row\">\n\t\t\t<div class=\"col-sm-12 col-md-5 col-lg-6 col-xl-4 offset-xl-2\">\n\t\t\t\t<div class=\"about-img\">\n\n\t\t\t\t\t\n\t\t\t\t<\/div>\n\t\t\t<\/div><!-- \/.col-12 -->\n\t\t\t<div class=\"col-sm-12 col-md-6 col-lg-6 col-xl-4\">\n\t\t\t\t<div class=\"about-text\">\n\t\t\t\t\t\t\t\t\t\t\t<p class=\"color-secondary mb-30\">Az E\u00f6tv\u00f6s Lor\u00e1nd Tudom\u00e1nyegyetem Term\u00e9szettudom\u00e1nyi Kar\u00e1n szerzett vegy\u00e9sz diplom\u00e1t, majd a Semmelweis Egyetemen szerzett tudom\u00e1nyos doktori fokozatot. Magyarorsz\u00e1g els\u0151 hum\u00e1n embrion\u00e1lis \u0151ssejt laborj\u00e1nak t\u00e1rs \u2013 alap\u00edt\u00f3ja. Jelenleg a Magyar Kutat\u00e1si H\u00e1l\u00f3zat (HUN-REN) Term\u00e9szettudom\u00e1nyi Kutat\u00f3k\u00f6zpont Enzimol\u00f3giai Int\u00e9zet Molekul\u00e1ris Sejtbiol\u00f3giai csoportj\u00e1hoz tartoz\u00f3 Hum\u00e1n Pluripotens \u0150ssejtlaborat\u00f3rium vezet\u0151je.<\/p>\n\t\t\t\t\t\t\t\t\t\t\t\t\t\t\t\t<p class=\"mb-30\">A hum\u00e1n pluripotens \u0151ssejtek, valamint az \u0151ssejtalap\u00fa betegs\u00e9gmodellek nemzetk\u00f6zi szinten elismert szak\u00e9rt\u0151je. Jelent\u0151s oktat\u00e1si tev\u00e9kenys\u00e9get v\u00e9gez a SOTE \u00e9s az ELTE TTK doktori iskol\u00e1iban akkredit\u00e1lt t\u00e9mavezet\u0151k\u00e9nt. Nemzetk\u00f6zi szinten elismert \u0151ssejtkutat\u00f3k\u00e9nt Magyarorsz\u00e1gon kutat\u00f3jel\u00f6ltek sor\u00e1t k\u00e9pezte ki az elm\u00falt \u00e9vtizedekben. A hum\u00e1n pluripotens \u0151ssejtekb\u0151l l\u00e9trehozott betegs\u00e9gmodellek kifejleszt\u00e9s\u00e9ben az ut\u00f3bbi \u00e9vekben jelent\u0151s eredm\u00e9nyeket \u00e9rt el. A pszichi\u00e1triai betegs\u00e9gek h\u00e1tter\u00e9ben \u00e1ll\u00f3 folyamatok felt\u00e9rk\u00e9pez\u00e9s\u00e9ben \u00e9s megismer\u00e9s\u00e9ben az iPS sejtalap\u00fa betegs\u00e9gmodellek kifejleszt\u00e9s\u00e9ben \u00e9rt el kiemelked\u0151 eredm\u00e9nyeket, t\u00f6bb hazai \u00e9s nemzetk\u00f6zi p\u00e1ly\u00e1zat r\u00e9sztvev\u0151jek\u00e9nt. MTMT azonos\u00edt\u00f3: 10027529 Tudom\u00e1nyos k\u00f6zlem\u00e9nyek: 78; hivatkoz\u00e1sok 1244; H index: 18<\/p>\n\t\t\t\t\t\n\t\t\t\t<\/div>\n\t\t\t<\/div><!-- \/.col-lg-6 -->\n\t\t<\/div><!-- \/.row -->\n\t<\/div><!-- \/.container -->\n<\/section><!-- \/.About Layout 1 -->\n\t\t\t\t<\/div>\n\t\t\t\t<\/div>\n\t\t\t\t<div class=\"elementor-element elementor-element-e1884d1 elementor-align-center elementor-widget elementor-widget-button\" data-id=\"e1884d1\" data-element_type=\"widget\" data-widget_type=\"button.default\">\n\t\t\t\t<div class=\"elementor-widget-container\">\n\t\t\t\t\t\t\t\t\t<div class=\"elementor-button-wrapper\">\n\t\t\t\t\t<a class=\"elementor-button elementor-button-link elementor-size-sm\" href=\"https:\/\/innocellclinic.com\/rolunk\/munkatarsaink\/\">\n\t\t\t\t\t\t<span class=\"elementor-button-content-wrapper\">\n\t\t\t\t\t\t\t\t\t<span class=\"elementor-button-text\">VISSZA<\/span>\n\t\t\t\t\t<\/span>\n\t\t\t\t\t<\/a>\n\t\t\t\t<\/div>\n\t\t\t\t\t\t\t\t<\/div>\n\t\t\t\t<\/div>\n\t\t\t\t<\/div>\n\t\t\t\t<\/div>\n\t\t","protected":false},"excerpt":{"rendered":"<p>Dr. Ap\u00e1ti \u00c1gota PhD &#8211; vezet\u0151 \u0151ssejtkutat\u00e1s-fejleszt\u00e9si tan\u00e1csad\u00f3 F\u0151oldal Az E\u00f6tv\u00f6s Lor\u00e1nd Tudom\u00e1nyegyetem Term\u00e9szettudom\u00e1nyi Kar\u00e1n szerzett vegy\u00e9sz diplom\u00e1t, majd a Semmelweis Egyetemen szerzett tudom\u00e1nyos doktori fokozatot. Magyarorsz\u00e1g els\u0151 hum\u00e1n embrion\u00e1lis \u0151ssejt laborj\u00e1nak t\u00e1rs \u2013 alap\u00edt\u00f3ja. Jelenleg a Magyar Kutat\u00e1si H\u00e1l\u00f3zat (HUN-REN) Term\u00e9szettudom\u00e1nyi Kutat\u00f3k\u00f6zpont Enzimol\u00f3giai Int\u00e9zet Molekul\u00e1ris Sejtbiol\u00f3giai csoportj\u00e1hoz tartoz\u00f3 Hum\u00e1n Pluripotens \u0150ssejtlaborat\u00f3rium vezet\u0151je. A hum\u00e1n [&hellip;]<\/p>\n","protected":false},"author":1,"featured_media":0,"parent":185,"menu_order":0,"comment_status":"closed","ping_status":"closed","template":"","meta":{"footnotes":""},"class_list":["post-536","page","type-page","status-publish","hentry"],"_links":{"self":[{"href":"https:\/\/innocellclinic.com\/hu\/wp-json\/wp\/v2\/pages\/536","targetHints":{"allow":["GET"]}}],"collection":[{"href":"https:\/\/innocellclinic.com\/hu\/wp-json\/wp\/v2\/pages"}],"about":[{"href":"https:\/\/innocellclinic.com\/hu\/wp-json\/wp\/v2\/types\/page"}],"author":[{"embeddable":true,"href":"https:\/\/innocellclinic.com\/hu\/wp-json\/wp\/v2\/users\/1"}],"replies":[{"embeddable":true,"href":"https:\/\/innocellclinic.com\/hu\/wp-json\/wp\/v2\/comments?post=536"}],"version-history":[{"count":16,"href":"https:\/\/innocellclinic.com\/hu\/wp-json\/wp\/v2\/pages\/536\/revisions"}],"predecessor-version":[{"id":1165,"href":"https:\/\/innocellclinic.com\/hu\/wp-json\/wp\/v2\/pages\/536\/revisions\/1165"}],"up":[{"embeddable":true,"href":"https:\/\/innocellclinic.com\/hu\/wp-json\/wp\/v2\/pages\/185"}],"wp:attachment":[{"href":"https:\/\/innocellclinic.com\/hu\/wp-json\/wp\/v2\/media?parent=536"}],"curies":[{"name":"wp","href":"https:\/\/api.w.org\/{rel}","templated":true}]}}