{"id":534,"date":"2024-04-12T11:47:40","date_gmt":"2024-04-12T09:47:40","guid":{"rendered":"https:\/\/innocellclinic.com\/?page_id=534"},"modified":"2024-05-26T11:37:12","modified_gmt":"2024-05-26T09:37:12","slug":"dr-sarkadi-balazs","status":"publish","type":"page","link":"https:\/\/innocellclinic.com\/hu\/rolunk\/munkatarsaink\/dr-sarkadi-balazs\/","title":{"rendered":"Dr. Sarkadi Bal\u00e1zs"},"content":{"rendered":"\t\t<div data-elementor-type=\"wp-page\" data-elementor-id=\"534\" class=\"elementor elementor-534\">\n\t\t\t\t<div class=\"elementor-element elementor-element-6739e7b5 e-con-full e-flex e-con e-parent\" data-id=\"6739e7b5\" data-element_type=\"container\">\n\t\t\t\t<div class=\"elementor-element elementor-element-3828eb64 elementor-widget elementor-widget-pageTitleNarrow\" data-id=\"3828eb64\" data-element_type=\"widget\" data-widget_type=\"pageTitleNarrow.default\">\n\t\t\t\t<div class=\"elementor-widget-container\">\n\t\t\t\t\t\n<section class=\"page-title-layout1 page-title-light text-center bg-overlay bg-parallax\">\n\n\t<div class=\"bg-img\"><\/div>\n\t<div class=\"container\">\n\t\t<div class=\"row\">\n\t\t\t<div class=\"col-12\">\n\t\t\t\t<h1 class=\"pagetitle-heading\">Dr. Sarkadi Bal\u00e1zs<\/h1>\n\n\t\t\t\t\t\t\t\t\t<p class=\"pagetitle-desc\">\n\t\t\t\t\t\tMD, PhD, DSc - vezet\u0151 klinikai kutat\u00e1s-fejleszt\u00e9si tan\u00e1csad\u00f3\t\t\t\t\t<\/p>\n\t\t\t\t\n\t\t\t\t<div class=\"d-flex flex-wrap align-items-center justify-content-center\">\n\n\t\t\t\t\t\n\t\t\t\t\t\n\t\t\t\t<\/div>\n\n\t\t\t\t<nav><ol class=\"breadcrumb d-flex justify-content-center mb-0 mt-80\"><li class=\"breadcrumb-item\"><a href=\"https:\/\/innocellclinic.com\/hu\/\">F\u0151oldal<\/a><\/li><\/ol><\/nav>\n\t\t\t<\/div><!-- \/.col-xl-6 -->\n\t\t<\/div><!-- \/.row -->\n\t<\/div><!-- \/.container -->\n\t<a class=\"home-nav\" href=\"https:\/\/innocellclinic.com\/hu\/\">\n\t\t<i class=\"icon-home\"><\/i>\n\t<\/a>\n\t<div class=\"curve-top-shape\">\n\t\t<svg class=\"curve-svg\" xmlns=\"http:\/\/www.w3.org\/2000\/svg\" viewBox=\"0 0 1000 100\" preserveAspectRatio=\"none\">\n\t\t\t<path class=\"curve-path\" d=\"M1000,4.3V0H0v4.3C0.9,23.1,126.7,99.2,500,100S1000,22.7,1000,4.3z\"><\/path>\n\t\t<\/svg>\n\t<\/div><!-- \/.curve -->\n<\/section><!-- \/.page-title -->\n\t\t\t\t<\/div>\n\t\t\t\t<\/div>\n\t\t\t\t<\/div>\n\t\t<div class=\"elementor-element elementor-element-5a0ab1bb e-con-full e-flex e-con e-parent\" data-id=\"5a0ab1bb\" data-element_type=\"container\">\n\t\t\t\t<div class=\"elementor-element elementor-element-1bf8db1b elementor-widget elementor-widget-about-simple\" data-id=\"1bf8db1b\" data-element_type=\"widget\" data-widget_type=\"about-simple.default\">\n\t\t\t\t<div class=\"elementor-widget-container\">\n\t\t\t\t\t\n<section class=\"about-layout1 pt-90 pb-130\">\n\t<div class=\"container\">\n\t\t<div class=\"row\">\n\t\t\t<div class=\"col-sm-12 col-md-5 col-lg-6 col-xl-4 offset-xl-2\">\n\t\t\t\t<div class=\"about-img\">\n\n\t\t\t\t\t\n\t\t\t\t<\/div>\n\t\t\t<\/div><!-- \/.col-12 -->\n\t\t\t<div class=\"col-sm-12 col-md-6 col-lg-6 col-xl-4\">\n\t\t\t\t<div class=\"about-text\">\n\t\t\t\t\t\t\t\t\t\t\t<p class=\"color-secondary mb-30\">Sarkadi Bal\u00e1zs, MD, Ph.D., biok\u00e9mikus professzor, t\u00f6bb \u00e9vet t\u00f6lt\u00f6tt posztdoktorik\u00e9nt, majd vend\u00e9gkutat\u00f3k\u00e9nt az Egyes\u00fclt \u00c1llamok \u00e9s Kanada jelent\u0151s egyetemein. Az elm\u00falt 10 \u00e9vben a Semmelweis Egyetem professzorak\u00e9nt a Membr\u00e1nkutat\u00f3 Csoportot vezette, mik\u00f6zben az Orsz\u00e1gos Hematol\u00f3giai Int\u00e9zetben is dolgozott kutat\u00e1si \u00e9s diagnosztikai ter\u00fcleten. 2005-ben az Academia Europeae tagja lett, 2007-ben az Eur\u00f3pai Biok\u00e9miai T\u00e1rsas\u00e1gok Sz\u00f6vets\u00e9g\u00e9nek (FEBS) eln\u00f6ke, 2010-ben pedig a Magyar Tudom\u00e1nyos Akad\u00e9mia rendes tagj\u00e1v\u00e1 v\u00e1lasztott\u00e1k.<\/p>\n\t\t\t\t\t\t\t\t\t\t\t\t\t\t\t\t<p class=\"mb-30\">Jelenleg t\u00f6bb nemzetk\u00f6zi kutat\u00f3t\u00e1rsas\u00e1g tagja, a Nemzetk\u00f6zi Sejtkutat\u00e1si Szervezet (ICROUNESCO) \u00e9s a Nemzetk\u00f6zi Transzmembr\u00e1nsz\u00e1ll\u00edt\u00f3 T\u00e1rsas\u00e1g (ITTS) aleln\u00f6ke. Kutat\u00e1si ter\u00fclete r\u00e1k multidrog rezisztenci\u00e1j\u00e1ban nagy szerepet j\u00e1tsz\u00f3 ABC membr\u00e1n transzporterek vizsg\u00e1lat\u00e1ra, az \u00e1ltal\u00e1nos farmakol\u00f3gi\u00e1ra, valamint a norm\u00e1l \u00e9s a r\u00e1kos \u0151ssejt m\u0171k\u00f6d\u00e9s\u00e9re ir\u00e1nyult. Munkat\u00e1rsaival \u00faj m\u00f3dszereket dolgozott ki az ABC transzporter feh\u00e9rj\u00e9k funkcion\u00e1lis anal\u00edzis\u00e9re, \u00e9s olyan vegy\u00fcleteket fejlesztett ki, amelyek modul\u00e1lj\u00e1k azok m\u0171k\u00f6d\u00e9s\u00e9t. Az elm\u00falt \u00e9vekben kutat\u00e1si ter\u00fclete r\u00e9szben tov\u00e1bbra is az ABC membr\u00e1n transzporterek, valamint a feh\u00e9rje expresszi\u00f3 \u00e9s a sejtjel\u00e1tvitel komplex szab\u00e1lyoz\u00e1s\u00e1nak vizsg\u00e1lat\u00e1ra ir\u00e1nyul az \u0151ssejtekben, illetve az \u0151ssejt differenci\u00e1l\u00f3d\u00e1s sor\u00e1n. Jelenlegi projektje a norm\u00e1l \u00e9s r\u00e1kos \u0151ssejtek membr\u00e1ntranszportereinek szab\u00e1lyoz\u00e1s\u00e1ra \u00f6sszpontos\u00edt, bele\u00e9rtve az induk\u00e1lt pluripotens \u0151ssejtek gener\u00e1l\u00e1s\u00e1t \u00e9s az ir\u00e1ny\u00edtott sz\u00f6veti differenci\u00e1l\u00f3d\u00e1st. T\u00f6bb mint 300 k\u00f6zlem\u00e9nye jelent meg nemzetk\u00f6zi tudom\u00e1nyos foly\u00f3iratokban, 16 500 feletti hivatkoz\u00e1si sz\u00e1mmal (a WoS-ban, illetve 22 600 a Google Scholarban) \u00e9s 68-as h-indexszel. Sz\u00e1mos nemzetk\u00f6zi szabadalommal rendelkezik m\u00e1r kereskedelmi alkalmaz\u00e1sokban. Az elm\u00falt 10 \u00e9vben 91 publik\u00e1ci\u00f3ja t\u00f6bb mint 1650 hivatkoz\u00e1st kapott (WoS). T\u00e9mavezet\u0151k\u00e9nt 19 PhD. hallgatt\u00f3, akik m\u00e1r sikeresen megszerezt\u00e9k doktori fokozatukat, m\u00edg jelenleg 3 Ph.D.-t ir\u00e1ny\u00edt. Az Eur\u00f3pai Gy\u00f3gyszer\u00fcgyn\u00f6ks\u00e9g magyar k\u00e9pvisel\u0151je, az INNOCELL meg\u00e1lmod\u00f3ja.<\/p>\n\t\t\t\t\t\n\t\t\t\t<\/div>\n\t\t\t<\/div><!-- \/.col-lg-6 -->\n\t\t<\/div><!-- \/.row -->\n\t<\/div><!-- \/.container -->\n<\/section><!-- \/.About Layout 1 -->\n\t\t\t\t<\/div>\n\t\t\t\t<\/div>\n\t\t\t\t<div class=\"elementor-element elementor-element-abfd959 elementor-align-center elementor-widget elementor-widget-button\" data-id=\"abfd959\" data-element_type=\"widget\" data-widget_type=\"button.default\">\n\t\t\t\t<div class=\"elementor-widget-container\">\n\t\t\t\t\t\t\t\t\t<div class=\"elementor-button-wrapper\">\n\t\t\t\t\t<a class=\"elementor-button elementor-button-link elementor-size-sm\" href=\"https:\/\/innocellclinic.com\/rolunk\/munkatarsaink\/\">\n\t\t\t\t\t\t<span class=\"elementor-button-content-wrapper\">\n\t\t\t\t\t\t\t\t\t<span class=\"elementor-button-text\">VISSZA<\/span>\n\t\t\t\t\t<\/span>\n\t\t\t\t\t<\/a>\n\t\t\t\t<\/div>\n\t\t\t\t\t\t\t\t<\/div>\n\t\t\t\t<\/div>\n\t\t\t\t<\/div>\n\t\t\t\t<\/div>\n\t\t","protected":false},"excerpt":{"rendered":"<p>Dr. Sarkadi Bal\u00e1zs MD, PhD, DSc &#8211; vezet\u0151 klinikai kutat\u00e1s-fejleszt\u00e9si tan\u00e1csad\u00f3 F\u0151oldal Sarkadi Bal\u00e1zs, MD, Ph.D., biok\u00e9mikus professzor, t\u00f6bb \u00e9vet t\u00f6lt\u00f6tt posztdoktorik\u00e9nt, majd vend\u00e9gkutat\u00f3k\u00e9nt az Egyes\u00fclt \u00c1llamok \u00e9s Kanada jelent\u0151s egyetemein. Az elm\u00falt 10 \u00e9vben a Semmelweis Egyetem professzorak\u00e9nt a Membr\u00e1nkutat\u00f3 Csoportot vezette, mik\u00f6zben az Orsz\u00e1gos Hematol\u00f3giai Int\u00e9zetben is dolgozott kutat\u00e1si \u00e9s diagnosztikai ter\u00fcleten. 2005-ben [&hellip;]<\/p>\n","protected":false},"author":1,"featured_media":0,"parent":185,"menu_order":0,"comment_status":"closed","ping_status":"closed","template":"","meta":{"footnotes":""},"class_list":["post-534","page","type-page","status-publish","hentry"],"_links":{"self":[{"href":"https:\/\/innocellclinic.com\/hu\/wp-json\/wp\/v2\/pages\/534","targetHints":{"allow":["GET"]}}],"collection":[{"href":"https:\/\/innocellclinic.com\/hu\/wp-json\/wp\/v2\/pages"}],"about":[{"href":"https:\/\/innocellclinic.com\/hu\/wp-json\/wp\/v2\/types\/page"}],"author":[{"embeddable":true,"href":"https:\/\/innocellclinic.com\/hu\/wp-json\/wp\/v2\/users\/1"}],"replies":[{"embeddable":true,"href":"https:\/\/innocellclinic.com\/hu\/wp-json\/wp\/v2\/comments?post=534"}],"version-history":[{"count":13,"href":"https:\/\/innocellclinic.com\/hu\/wp-json\/wp\/v2\/pages\/534\/revisions"}],"predecessor-version":[{"id":1162,"href":"https:\/\/innocellclinic.com\/hu\/wp-json\/wp\/v2\/pages\/534\/revisions\/1162"}],"up":[{"embeddable":true,"href":"https:\/\/innocellclinic.com\/hu\/wp-json\/wp\/v2\/pages\/185"}],"wp:attachment":[{"href":"https:\/\/innocellclinic.com\/hu\/wp-json\/wp\/v2\/media?parent=534"}],"curies":[{"name":"wp","href":"https:\/\/api.w.org\/{rel}","templated":true}]}}