{"id":532,"date":"2024-04-12T11:47:24","date_gmt":"2024-04-12T09:47:24","guid":{"rendered":"https:\/\/innocellclinic.com\/?page_id=532"},"modified":"2024-05-26T11:36:48","modified_gmt":"2024-05-26T09:36:48","slug":"dr-erdei-zsuzsa","status":"publish","type":"page","link":"https:\/\/innocellclinic.com\/hu\/rolunk\/munkatarsaink\/dr-erdei-zsuzsa\/","title":{"rendered":"Dr. Erdei Zsuzsa"},"content":{"rendered":"\t\t<div data-elementor-type=\"wp-page\" data-elementor-id=\"532\" class=\"elementor elementor-532\">\n\t\t\t\t<div class=\"elementor-element elementor-element-36270d05 e-con-full e-flex e-con e-parent\" data-id=\"36270d05\" data-element_type=\"container\">\n\t\t\t\t<div class=\"elementor-element elementor-element-28ba3576 elementor-widget elementor-widget-pageTitleNarrow\" data-id=\"28ba3576\" data-element_type=\"widget\" data-widget_type=\"pageTitleNarrow.default\">\n\t\t\t\t<div class=\"elementor-widget-container\">\n\t\t\t\t\t\n<section class=\"page-title-layout1 page-title-light text-center bg-overlay bg-parallax\">\n\n\t<div class=\"bg-img\"><\/div>\n\t<div class=\"container\">\n\t\t<div class=\"row\">\n\t\t\t<div class=\"col-12\">\n\t\t\t\t<h1 class=\"pagetitle-heading\">Dr. Erdei Zsuzsa<\/h1>\n\n\t\t\t\t\t\t\t\t\t<p class=\"pagetitle-desc\">\n\t\t\t\t\t\tPhD - projektvezet\u0151, InnoCell labor szakmai vezet\u0151\t\t\t\t\t<\/p>\n\t\t\t\t\n\t\t\t\t<div class=\"d-flex flex-wrap align-items-center justify-content-center\">\n\n\t\t\t\t\t\n\t\t\t\t\t\n\t\t\t\t<\/div>\n\n\t\t\t\t<nav><ol class=\"breadcrumb d-flex justify-content-center mb-0 mt-80\"><li class=\"breadcrumb-item\"><a href=\"https:\/\/innocellclinic.com\/hu\/\">F\u0151oldal<\/a><\/li><\/ol><\/nav>\n\t\t\t<\/div><!-- \/.col-xl-6 -->\n\t\t<\/div><!-- \/.row -->\n\t<\/div><!-- \/.container -->\n\t<a class=\"home-nav\" href=\"https:\/\/innocellclinic.com\/hu\/\">\n\t\t<i class=\"icon-home\"><\/i>\n\t<\/a>\n\t<div class=\"curve-top-shape\">\n\t\t<svg class=\"curve-svg\" xmlns=\"http:\/\/www.w3.org\/2000\/svg\" viewBox=\"0 0 1000 100\" preserveAspectRatio=\"none\">\n\t\t\t<path class=\"curve-path\" d=\"M1000,4.3V0H0v4.3C0.9,23.1,126.7,99.2,500,100S1000,22.7,1000,4.3z\"><\/path>\n\t\t<\/svg>\n\t<\/div><!-- \/.curve -->\n<\/section><!-- \/.page-title -->\n\t\t\t\t<\/div>\n\t\t\t\t<\/div>\n\t\t\t\t<\/div>\n\t\t<div class=\"elementor-element elementor-element-311ce322 e-con-full e-flex e-con e-parent\" data-id=\"311ce322\" data-element_type=\"container\">\n\t\t\t\t<div class=\"elementor-element elementor-element-7a38ac88 elementor-widget elementor-widget-about-simple\" data-id=\"7a38ac88\" data-element_type=\"widget\" data-widget_type=\"about-simple.default\">\n\t\t\t\t<div class=\"elementor-widget-container\">\n\t\t\t\t\t\n<section class=\"about-layout1 pt-90 pb-130\">\n\t<div class=\"container\">\n\t\t<div class=\"row\">\n\t\t\t<div class=\"col-sm-12 col-md-5 col-lg-6 col-xl-4 offset-xl-2\">\n\t\t\t\t<div class=\"about-img\">\n\n\t\t\t\t\t\n\t\t\t\t<\/div>\n\t\t\t<\/div><!-- \/.col-12 -->\n\t\t\t<div class=\"col-sm-12 col-md-6 col-lg-6 col-xl-4\">\n\t\t\t\t<div class=\"about-text\">\n\t\t\t\t\t\t\t\t\t\t\t<p class=\"color-secondary mb-30\">Dr. Erdei Zsuzsa, \u0151ssejtbiol\u00f3gus, 15 \u00e9ve dolgozik a hum\u00e1n \u0151ssejtkutat\u00e1s ter\u00fclet\u00e9n. Az iPS technol\u00f3gia \u00e9s az \u0151ssejtek sz\u00e1rmaz\u00e9kaib\u00f3l l\u00e9trehozott betegs\u00e9gmodellek szak\u00e9rt\u0151je. Kutat\u00f3csoportjuk a hum\u00e1n \u0151ssejtkutat\u00e1s ter\u00fclet\u00e9n Magyarorsz\u00e1gon els\u0151k\u00e9nt hozott l\u00e9tre iPS sejteket, amikkel nemzetk\u00f6zi szinten is kiv\u00e1l\u00f3 tudom\u00e1nyos eredm\u00e9nyeket \u00e9rtek el. A gy\u00f3gyszerfejleszt\u00e9si, toxikol\u00f3giai vizsg\u00e1latok szempontj\u00e1b\u00f3l rendk\u00edv\u00fcl fontos un. Multidrog Transzporter feh\u00e9rj\u00e9k kutat\u00e1s\u00e1val foglalkozott 10 \u00e9ven kereszt\u00fcl, kutat\u00e1si eredm\u00e9nyeib\u0151l t\u00f6bb nemzetk\u00f6zi foly\u00f3iratban publik\u00e1lt.<\/p>\n\t\t\t\t\t\t\t\t\t\t\t\t\t\t\t\t<p class=\"mb-30\">A hum\u00e1n pluripotens \u0151ssejtek teny\u00e9szt\u00e9s\u00e9vel \u00e9s differenci\u00e1ltat\u00e1s\u00e1val majd a hum\u00e1n iPS sejtekb\u0151l l\u00e9trehozott m\u00e1j, ideg, sz\u00edvizom sejtek differenci\u00e1ltat\u00e1si m\u00f3dszereinek fejleszt\u00e9s\u00e9vel foglalkozott \u00e9s az elm\u00falt p\u00e1r \u00e9vben a sejtalap\u00fa ter\u00e1pi\u00e1k fejleszt\u00e9si lehet\u0151s\u00e9geivel foglalkozik. Vezet\u0151 kutat\u00f3k\u00e9nt 2019-ben Posztdoktori OTKA p\u00e1ly\u00e1zatot nyert, emellett posztdoktori \u00e9vei alatt t\u00f6bb nemzetk\u00f6zi szakmai tov\u00e1bbk\u00e9pz\u00e9s \u00e9s konferencia \u00f6szt\u00f6nd\u00edjat nyert el. Az orvosi diagnosztika ter\u00fclet\u00e9n laborvezet\u0151i tapasztalatokat szerzett, ahol a laborkialak\u00edt\u00e1si elvek, valamint min\u0151s\u00e9gir\u00e1ny\u00edt\u00e1si rendszerek szakember\u00e9v\u00e9 v\u00e1lt, min\u0151s\u00e9gir\u00e1ny\u00edt\u00e1si vezet\u0151 auditor (ISO9001, ISO15189, GLP\/GMP) k\u00e9pess\u00e9gekkel rendelkezik. Az hum\u00e1n \u0151ssejtter\u00e1pi\u00e1s F\u00e1zis 1 \/ 2 klinikai vizsg\u00e1latok enged\u00e9lyeztet\u00e9s\u00e9ben, szakmai protokollok \u00f6ssze\u00e1ll\u00edt\u00e1s\u00e1ban, tervez\u00e9s\u00e9ben \u00e9s kivitelez\u00e9s\u00e9ben szerzett tapasztalatokat az elm\u00falt \u00e9vek sor\u00e1n. Publik\u00e1ci\u00f3k: MTMT azonos\u00edt\u00f3: 10034299 Tudom\u00e1nyos k\u00f6zlem\u00e9nyek: 33; hivatkoz\u00e1sok 514; H index: 12<\/p>\n\t\t\t\t\t\n\t\t\t\t<\/div>\n\t\t\t<\/div><!-- \/.col-lg-6 -->\n\t\t<\/div><!-- \/.row -->\n\t<\/div><!-- \/.container -->\n<\/section><!-- \/.About Layout 1 -->\n\t\t\t\t<\/div>\n\t\t\t\t<\/div>\n\t\t\t\t<div class=\"elementor-element elementor-element-f5587d6 elementor-align-center elementor-widget elementor-widget-button\" data-id=\"f5587d6\" data-element_type=\"widget\" data-widget_type=\"button.default\">\n\t\t\t\t<div class=\"elementor-widget-container\">\n\t\t\t\t\t\t\t\t\t<div class=\"elementor-button-wrapper\">\n\t\t\t\t\t<a class=\"elementor-button elementor-button-link elementor-size-sm\" href=\"https:\/\/innocellclinic.com\/rolunk\/munkatarsaink\/\">\n\t\t\t\t\t\t<span class=\"elementor-button-content-wrapper\">\n\t\t\t\t\t\t\t\t\t<span class=\"elementor-button-text\">VISSZA<\/span>\n\t\t\t\t\t<\/span>\n\t\t\t\t\t<\/a>\n\t\t\t\t<\/div>\n\t\t\t\t\t\t\t\t<\/div>\n\t\t\t\t<\/div>\n\t\t\t\t<\/div>\n\t\t\t\t<\/div>\n\t\t","protected":false},"excerpt":{"rendered":"<p>Dr. Erdei Zsuzsa PhD &#8211; projektvezet\u0151, InnoCell labor szakmai vezet\u0151 F\u0151oldal Dr. Erdei Zsuzsa, \u0151ssejtbiol\u00f3gus, 15 \u00e9ve dolgozik a hum\u00e1n \u0151ssejtkutat\u00e1s ter\u00fclet\u00e9n. Az iPS technol\u00f3gia \u00e9s az \u0151ssejtek sz\u00e1rmaz\u00e9kaib\u00f3l l\u00e9trehozott betegs\u00e9gmodellek szak\u00e9rt\u0151je. Kutat\u00f3csoportjuk a hum\u00e1n \u0151ssejtkutat\u00e1s ter\u00fclet\u00e9n Magyarorsz\u00e1gon els\u0151k\u00e9nt hozott l\u00e9tre iPS sejteket, amikkel nemzetk\u00f6zi szinten is kiv\u00e1l\u00f3 tudom\u00e1nyos eredm\u00e9nyeket \u00e9rtek el. A gy\u00f3gyszerfejleszt\u00e9si, toxikol\u00f3giai [&hellip;]<\/p>\n","protected":false},"author":1,"featured_media":0,"parent":185,"menu_order":0,"comment_status":"closed","ping_status":"closed","template":"","meta":{"footnotes":""},"class_list":["post-532","page","type-page","status-publish","hentry"],"_links":{"self":[{"href":"https:\/\/innocellclinic.com\/hu\/wp-json\/wp\/v2\/pages\/532","targetHints":{"allow":["GET"]}}],"collection":[{"href":"https:\/\/innocellclinic.com\/hu\/wp-json\/wp\/v2\/pages"}],"about":[{"href":"https:\/\/innocellclinic.com\/hu\/wp-json\/wp\/v2\/types\/page"}],"author":[{"embeddable":true,"href":"https:\/\/innocellclinic.com\/hu\/wp-json\/wp\/v2\/users\/1"}],"replies":[{"embeddable":true,"href":"https:\/\/innocellclinic.com\/hu\/wp-json\/wp\/v2\/comments?post=532"}],"version-history":[{"count":13,"href":"https:\/\/innocellclinic.com\/hu\/wp-json\/wp\/v2\/pages\/532\/revisions"}],"predecessor-version":[{"id":1159,"href":"https:\/\/innocellclinic.com\/hu\/wp-json\/wp\/v2\/pages\/532\/revisions\/1159"}],"up":[{"embeddable":true,"href":"https:\/\/innocellclinic.com\/hu\/wp-json\/wp\/v2\/pages\/185"}],"wp:attachment":[{"href":"https:\/\/innocellclinic.com\/hu\/wp-json\/wp\/v2\/media?parent=532"}],"curies":[{"name":"wp","href":"https:\/\/api.w.org\/{rel}","templated":true}]}}