{"id":530,"date":"2024-04-12T11:47:11","date_gmt":"2024-04-12T09:47:11","guid":{"rendered":"https:\/\/innocellclinic.com\/?page_id=530"},"modified":"2024-05-26T11:36:25","modified_gmt":"2024-05-26T09:36:25","slug":"dr-forgacs-gabor","status":"publish","type":"page","link":"https:\/\/innocellclinic.com\/hu\/rolunk\/munkatarsaink\/dr-forgacs-gabor\/","title":{"rendered":"Dr. Forg\u00e1cs G\u00e1bor"},"content":{"rendered":"\t\t<div data-elementor-type=\"wp-page\" data-elementor-id=\"530\" class=\"elementor elementor-530\">\n\t\t\t\t<div class=\"elementor-element elementor-element-12132bbf e-con-full e-flex e-con e-parent\" data-id=\"12132bbf\" data-element_type=\"container\">\n\t\t\t\t<div class=\"elementor-element elementor-element-73ea0004 elementor-widget elementor-widget-pageTitleNarrow\" data-id=\"73ea0004\" data-element_type=\"widget\" data-widget_type=\"pageTitleNarrow.default\">\n\t\t\t\t<div class=\"elementor-widget-container\">\n\t\t\t\t\t\n<section class=\"page-title-layout1 page-title-light text-center bg-overlay bg-parallax\">\n\n\t<div class=\"bg-img\"><\/div>\n\t<div class=\"container\">\n\t\t<div class=\"row\">\n\t\t\t<div class=\"col-12\">\n\t\t\t\t<h1 class=\"pagetitle-heading\">Dr. Forg\u00e1cs G\u00e1bor<\/h1>\n\n\t\t\t\t\t\t\t\t\t<p class=\"pagetitle-desc\">\n\t\t\t\t\t\tMD, PhD - vezet\u0151 strat\u00e9giai \u00e9s \u00e9rt\u00e9kes\u00edt\u00e9si tan\u00e1csad\u00f3\t\t\t\t\t<\/p>\n\t\t\t\t\n\t\t\t\t<div class=\"d-flex flex-wrap align-items-center justify-content-center\">\n\n\t\t\t\t\t\n\t\t\t\t\t\n\t\t\t\t<\/div>\n\n\t\t\t\t<nav><ol class=\"breadcrumb d-flex justify-content-center mb-0 mt-80\"><li class=\"breadcrumb-item\"><a href=\"https:\/\/innocellclinic.com\/hu\/\">F\u0151oldal<\/a><\/li><\/ol><\/nav>\n\t\t\t<\/div><!-- \/.col-xl-6 -->\n\t\t<\/div><!-- \/.row -->\n\t<\/div><!-- \/.container -->\n\t<a class=\"home-nav\" href=\"https:\/\/innocellclinic.com\/hu\/\">\n\t\t<i class=\"icon-home\"><\/i>\n\t<\/a>\n\t<div class=\"curve-top-shape\">\n\t\t<svg class=\"curve-svg\" xmlns=\"http:\/\/www.w3.org\/2000\/svg\" viewBox=\"0 0 1000 100\" preserveAspectRatio=\"none\">\n\t\t\t<path class=\"curve-path\" d=\"M1000,4.3V0H0v4.3C0.9,23.1,126.7,99.2,500,100S1000,22.7,1000,4.3z\"><\/path>\n\t\t<\/svg>\n\t<\/div><!-- \/.curve -->\n<\/section><!-- \/.page-title -->\n\t\t\t\t<\/div>\n\t\t\t\t<\/div>\n\t\t\t\t<\/div>\n\t\t<div class=\"elementor-element elementor-element-49d9e7e2 e-con-full e-flex e-con e-parent\" data-id=\"49d9e7e2\" data-element_type=\"container\">\n\t\t\t\t<div class=\"elementor-element elementor-element-772583a9 elementor-widget elementor-widget-about-simple\" data-id=\"772583a9\" data-element_type=\"widget\" data-widget_type=\"about-simple.default\">\n\t\t\t\t<div class=\"elementor-widget-container\">\n\t\t\t\t\t\n<section class=\"about-layout1 pt-90 pb-130\">\n\t<div class=\"container\">\n\t\t<div class=\"row\">\n\t\t\t<div class=\"col-sm-12 col-md-5 col-lg-6 col-xl-4 offset-xl-2\">\n\t\t\t\t<div class=\"about-img\">\n\n\t\t\t\t\t\n\t\t\t\t<\/div>\n\t\t\t<\/div><!-- \/.col-12 -->\n\t\t\t<div class=\"col-sm-12 col-md-6 col-lg-6 col-xl-4\">\n\t\t\t\t<div class=\"about-text\">\n\t\t\t\t\t\t\t\t\t\t\t<p class=\"color-secondary mb-30\">Az organoidok \u00e9s a 3D bioprinting technol\u00f3gia \u00e9lenj\u00e1r\u00f3 szakembere hum\u00e1n sejtalap\u00fa h\u00e1romdimenzi\u00f3s m\u00e1j-modellek vil\u00e1gszinten elismert szak\u00e9rt\u0151je. Kezdetben elm\u00e9leti fizikusk\u00e9nt, majd biofizikusk\u00e9nt tanulm\u00e1nyozta a genetikai \u00e9s \u00e1ltal\u00e1nos fizikai mechanizmusok k\u00f6lcs\u00f6nhat\u00e1sait a korai embrion\u00e1lis fejl\u0151d\u00e9s sor\u00e1n. Az \u00fatt\u00f6r\u0151 3D sz\u00f6vetnyomtat\u00e1si \u00e9s organoid technol\u00f3gia vil\u00e1gh\u00edr\u0171 szakembere, h\u00e1rom v\u00e1llalat tudom\u00e1nyos alap\u00edt\u00f3 tagja.<\/p>\n\t\t\t\t\t\t\t\t\t\t\t\t\t\t\t\t<p class=\"mb-30\">Tudom\u00e1nyos p\u00e1lyafut\u00e1sa sor\u00e1n, k\u00f6zel 30 \u00e9ven kereszt\u00fcl kutatott \u00e9s oktatott. 2007-t\u0151l az els\u0151 kereskedelmi bionyomtat\u00e1si v\u00e1llalat (Organovo) tudom\u00e1nyos alap\u00edt\u00f3ja \u00e9s t\u00e1rsalap\u00edt\u00f3ja, amely a Missouri Egyetem akad\u00e9miai laborat\u00f3rium\u00e1ban kifejlesztett 3D bionyomtat\u00e1si technol\u00f3gi\u00e1t alkalmazta, 2011-t\u0151l a Modern Meadow c\u00e9g tudom\u00e1nyos alap\u00edt\u00f3ja. A 3D bionyomtat\u00e1si technol\u00f3giai elj\u00e1r\u00e1sokat fejlesztett a gy\u00f3gyszertesztel\u00e9sben \u00e9s a ter\u00e1pi\u00e1ra felhaszn\u00e1lhat\u00f3 sz\u00f6vetek fel\u00e9p\u00edt\u00e9s\u00e9hez. Jelenleg a sejtalap\u00fa \u00e1llati term\u00e9keket (b\u0151r \u00e9s h\u00fas) el\u0151\u00e1ll\u00edt\u00f3 innovat\u00edv technol\u00f3gi\u00e1kat fejleszt\u0151 c\u00e9gek tulajdonosa, ahol c\u00e9ljuk a megfelel\u0151 ipar\u00e1gakban a term\u00e9szeti er\u0151forr\u00e1sok cs\u00f6kkent\u00e9se.<\/p>\n\t\t\t\t\t\n\t\t\t\t<\/div>\n\t\t\t<\/div><!-- \/.col-lg-6 -->\n\t\t<\/div><!-- \/.row -->\n\t<\/div><!-- \/.container -->\n<\/section><!-- \/.About Layout 1 -->\n\t\t\t\t<\/div>\n\t\t\t\t<\/div>\n\t\t\t\t<div class=\"elementor-element elementor-element-1709f26 elementor-align-center elementor-widget elementor-widget-button\" data-id=\"1709f26\" data-element_type=\"widget\" data-widget_type=\"button.default\">\n\t\t\t\t<div class=\"elementor-widget-container\">\n\t\t\t\t\t\t\t\t\t<div class=\"elementor-button-wrapper\">\n\t\t\t\t\t<a class=\"elementor-button elementor-button-link elementor-size-sm\" href=\"https:\/\/innocellclinic.com\/rolunk\/munkatarsaink\/\">\n\t\t\t\t\t\t<span class=\"elementor-button-content-wrapper\">\n\t\t\t\t\t\t\t\t\t<span class=\"elementor-button-text\">VISSZA<\/span>\n\t\t\t\t\t<\/span>\n\t\t\t\t\t<\/a>\n\t\t\t\t<\/div>\n\t\t\t\t\t\t\t\t<\/div>\n\t\t\t\t<\/div>\n\t\t\t\t<\/div>\n\t\t\t\t<\/div>\n\t\t","protected":false},"excerpt":{"rendered":"<p>Dr. Forg\u00e1cs G\u00e1bor MD, PhD &#8211; vezet\u0151 strat\u00e9giai \u00e9s \u00e9rt\u00e9kes\u00edt\u00e9si tan\u00e1csad\u00f3 F\u0151oldal Az organoidok \u00e9s a 3D bioprinting technol\u00f3gia \u00e9lenj\u00e1r\u00f3 szakembere hum\u00e1n sejtalap\u00fa h\u00e1romdimenzi\u00f3s m\u00e1j-modellek vil\u00e1gszinten elismert szak\u00e9rt\u0151je. Kezdetben elm\u00e9leti fizikusk\u00e9nt, majd biofizikusk\u00e9nt tanulm\u00e1nyozta a genetikai \u00e9s \u00e1ltal\u00e1nos fizikai mechanizmusok k\u00f6lcs\u00f6nhat\u00e1sait a korai embrion\u00e1lis fejl\u0151d\u00e9s sor\u00e1n. Az \u00fatt\u00f6r\u0151 3D sz\u00f6vetnyomtat\u00e1si \u00e9s organoid technol\u00f3gia vil\u00e1gh\u00edr\u0171 szakembere, [&hellip;]<\/p>\n","protected":false},"author":1,"featured_media":0,"parent":185,"menu_order":0,"comment_status":"closed","ping_status":"closed","template":"","meta":{"footnotes":""},"class_list":["post-530","page","type-page","status-publish","hentry"],"_links":{"self":[{"href":"https:\/\/innocellclinic.com\/hu\/wp-json\/wp\/v2\/pages\/530","targetHints":{"allow":["GET"]}}],"collection":[{"href":"https:\/\/innocellclinic.com\/hu\/wp-json\/wp\/v2\/pages"}],"about":[{"href":"https:\/\/innocellclinic.com\/hu\/wp-json\/wp\/v2\/types\/page"}],"author":[{"embeddable":true,"href":"https:\/\/innocellclinic.com\/hu\/wp-json\/wp\/v2\/users\/1"}],"replies":[{"embeddable":true,"href":"https:\/\/innocellclinic.com\/hu\/wp-json\/wp\/v2\/comments?post=530"}],"version-history":[{"count":16,"href":"https:\/\/innocellclinic.com\/hu\/wp-json\/wp\/v2\/pages\/530\/revisions"}],"predecessor-version":[{"id":1156,"href":"https:\/\/innocellclinic.com\/hu\/wp-json\/wp\/v2\/pages\/530\/revisions\/1156"}],"up":[{"embeddable":true,"href":"https:\/\/innocellclinic.com\/hu\/wp-json\/wp\/v2\/pages\/185"}],"wp:attachment":[{"href":"https:\/\/innocellclinic.com\/hu\/wp-json\/wp\/v2\/media?parent=530"}],"curies":[{"name":"wp","href":"https:\/\/api.w.org\/{rel}","templated":true}]}}