{"id":516,"date":"2024-04-12T02:19:40","date_gmt":"2024-04-12T00:19:40","guid":{"rendered":"https:\/\/innocellclinic.com\/?page_id=516"},"modified":"2024-05-26T11:36:00","modified_gmt":"2024-05-26T09:36:00","slug":"dr-szentivanyi-matyas","status":"publish","type":"page","link":"https:\/\/innocellclinic.com\/hu\/rolunk\/munkatarsaink\/dr-szentivanyi-matyas\/","title":{"rendered":"Dr. Szentiv\u00e1nyi M\u00e1ty\u00e1s"},"content":{"rendered":"\t\t<div data-elementor-type=\"wp-page\" data-elementor-id=\"516\" class=\"elementor elementor-516\">\n\t\t\t\t<div class=\"elementor-element elementor-element-7123062c e-con-full e-flex e-con e-parent\" data-id=\"7123062c\" data-element_type=\"container\">\n\t\t\t\t<div class=\"elementor-element elementor-element-61fd9fb4 elementor-widget elementor-widget-pageTitleNarrow\" data-id=\"61fd9fb4\" data-element_type=\"widget\" data-widget_type=\"pageTitleNarrow.default\">\n\t\t\t\t<div class=\"elementor-widget-container\">\n\t\t\t\t\t\n<section class=\"page-title-layout1 page-title-light text-center bg-overlay bg-parallax\">\n\n\t<div class=\"bg-img\"><\/div>\n\t<div class=\"container\">\n\t\t<div class=\"row\">\n\t\t\t<div class=\"col-12\">\n\t\t\t\t<h1 class=\"pagetitle-heading\">Dr. Szentiv\u00e1nyi M\u00e1ty\u00e1s<\/h1>\n\n\t\t\t\t\t\t\t\t\t<p class=\"pagetitle-desc\">\n\t\t\t\t\t\toperat\u00edv igazgat\u00f3 (COO)\t\t\t\t\t<\/p>\n\t\t\t\t\n\t\t\t\t<div class=\"d-flex flex-wrap align-items-center justify-content-center\">\n\n\t\t\t\t\t\n\t\t\t\t\t\n\t\t\t\t<\/div>\n\n\t\t\t\t<nav><ol class=\"breadcrumb d-flex justify-content-center mb-0 mt-80\"><li class=\"breadcrumb-item\"><a href=\"https:\/\/innocellclinic.com\/hu\/\">F\u0151oldal<\/a><\/li><\/ol><\/nav>\n\t\t\t<\/div><!-- \/.col-xl-6 -->\n\t\t<\/div><!-- \/.row -->\n\t<\/div><!-- \/.container -->\n\t<a class=\"home-nav\" href=\"https:\/\/innocellclinic.com\/hu\/\">\n\t\t<i class=\"icon-home\"><\/i>\n\t<\/a>\n\t<div class=\"curve-top-shape\">\n\t\t<svg class=\"curve-svg\" xmlns=\"http:\/\/www.w3.org\/2000\/svg\" viewBox=\"0 0 1000 100\" preserveAspectRatio=\"none\">\n\t\t\t<path class=\"curve-path\" d=\"M1000,4.3V0H0v4.3C0.9,23.1,126.7,99.2,500,100S1000,22.7,1000,4.3z\"><\/path>\n\t\t<\/svg>\n\t<\/div><!-- \/.curve -->\n<\/section><!-- \/.page-title -->\n\t\t\t\t<\/div>\n\t\t\t\t<\/div>\n\t\t\t\t<\/div>\n\t\t<div class=\"elementor-element elementor-element-442d4894 e-con-full e-flex e-con e-parent\" data-id=\"442d4894\" data-element_type=\"container\">\n\t\t\t\t<div class=\"elementor-element elementor-element-472dc35b elementor-widget elementor-widget-about-simple\" data-id=\"472dc35b\" data-element_type=\"widget\" data-widget_type=\"about-simple.default\">\n\t\t\t\t<div class=\"elementor-widget-container\">\n\t\t\t\t\t\n<section class=\"about-layout1 pt-90 pb-130\">\n\t<div class=\"container\">\n\t\t<div class=\"row\">\n\t\t\t<div class=\"col-sm-12 col-md-5 col-lg-6 col-xl-4 offset-xl-2\">\n\t\t\t\t<div class=\"about-img\">\n\n\t\t\t\t\t\n\t\t\t\t<\/div>\n\t\t\t<\/div><!-- \/.col-12 -->\n\t\t\t<div class=\"col-sm-12 col-md-6 col-lg-6 col-xl-4\">\n\t\t\t\t<div class=\"about-text\">\n\t\t\t\t\t\t\t\t\t\t\t<p class=\"color-secondary mb-30\">Dr. Szentiv\u00e1nyi M\u00e1ty\u00e1s 8 \u00e9vig egyetemi oktat\u00f3 \u00e9s kutat\u00f3 volt Magyarorsz\u00e1gon \u00e9s az Egyes\u00fclt \u00c1llamokban. 18 \u00e9vig a gy\u00f3gyszeriparban dolgozott a klinikai vizsg\u00e1latok ter\u00fclet\u00e9n \u00e9s orvos-marketingben, ebb\u0151l 8 \u00e9vig az egyik legnagyobb nemzetk\u00f6zi gy\u00f3gyszergy\u00e1rt\u00f3 c\u00e9g orvosigazgat\u00f3jak\u00e9nt, ennek k\u00f6sz\u00f6nhet\u0151en kiemelked\u0151 nemzetk\u00f6zi kapcsolati h\u00e1l\u00f3val rendelkezik.<\/p>\n\t\t\t\t\t\t\t\t\t\t\t\t\t\t\t\t<p class=\"mb-30\">Az elm\u00falt 5 \u00e9vben a magyar gy\u00f3gyszer\u00e9szeti hat\u00f3s\u00e1got (OGY\u00c9I) vezette f\u0151igazgat\u00f3k\u00e9nt, \u00e9s k\u00e9pviselte az Eg\u00e9szs\u00e9g\u00fcgyi \u00c1llamtitk\u00e1rs\u00e1g, illetve az Eur\u00f3pai Gy\u00f3gyszer\u00fcgyn\u00f6ks\u00e9g fel\u00e9. F\u0151igazgat\u00f3i megb\u00edzat\u00e1sa idej\u00e9re esett a Covid pand\u00e9mia, melynek sor\u00e1n vezet\u00e9s\u00e9vel zajlott a vakcina-enged\u00e9lyez\u00e9si tev\u00e9kenys\u00e9g Magyarorsz\u00e1gon. Munk\u00e1ja mellett egyetemi el\u0151ad\u00e1sokat is tart orvosi \u00e9lettan tant\u00e1rgyban magyar, angol \u00e9s n\u00e9met nyelven.<\/p>\n\t\t\t\t\t\n\t\t\t\t<\/div>\n\t\t\t<\/div><!-- \/.col-lg-6 -->\n\t\t<\/div><!-- \/.row -->\n\t<\/div><!-- \/.container -->\n<\/section><!-- \/.About Layout 1 -->\n\t\t\t\t<\/div>\n\t\t\t\t<\/div>\n\t\t\t\t<div class=\"elementor-element elementor-element-cdfb817 elementor-align-center elementor-widget elementor-widget-button\" data-id=\"cdfb817\" data-element_type=\"widget\" data-widget_type=\"button.default\">\n\t\t\t\t<div class=\"elementor-widget-container\">\n\t\t\t\t\t\t\t\t\t<div class=\"elementor-button-wrapper\">\n\t\t\t\t\t<a class=\"elementor-button elementor-button-link elementor-size-sm\" href=\"https:\/\/innocellclinic.com\/rolunk\/munkatarsaink\/\">\n\t\t\t\t\t\t<span class=\"elementor-button-content-wrapper\">\n\t\t\t\t\t\t\t\t\t<span class=\"elementor-button-text\">VISSZA<\/span>\n\t\t\t\t\t<\/span>\n\t\t\t\t\t<\/a>\n\t\t\t\t<\/div>\n\t\t\t\t\t\t\t\t<\/div>\n\t\t\t\t<\/div>\n\t\t\t\t<\/div>\n\t\t\t\t<\/div>\n\t\t","protected":false},"excerpt":{"rendered":"<p>Dr. Szentiv\u00e1nyi M\u00e1ty\u00e1s operat\u00edv igazgat\u00f3 (COO) F\u0151oldal Dr. Szentiv\u00e1nyi M\u00e1ty\u00e1s 8 \u00e9vig egyetemi oktat\u00f3 \u00e9s kutat\u00f3 volt Magyarorsz\u00e1gon \u00e9s az Egyes\u00fclt \u00c1llamokban. 18 \u00e9vig a gy\u00f3gyszeriparban dolgozott a klinikai vizsg\u00e1latok ter\u00fclet\u00e9n \u00e9s orvos-marketingben, ebb\u0151l 8 \u00e9vig az egyik legnagyobb nemzetk\u00f6zi gy\u00f3gyszergy\u00e1rt\u00f3 c\u00e9g orvosigazgat\u00f3jak\u00e9nt, ennek k\u00f6sz\u00f6nhet\u0151en kiemelked\u0151 nemzetk\u00f6zi kapcsolati h\u00e1l\u00f3val rendelkezik. Az elm\u00falt 5 \u00e9vben a [&hellip;]<\/p>\n","protected":false},"author":1,"featured_media":0,"parent":185,"menu_order":0,"comment_status":"closed","ping_status":"closed","template":"","meta":{"footnotes":""},"class_list":["post-516","page","type-page","status-publish","hentry"],"_links":{"self":[{"href":"https:\/\/innocellclinic.com\/hu\/wp-json\/wp\/v2\/pages\/516","targetHints":{"allow":["GET"]}}],"collection":[{"href":"https:\/\/innocellclinic.com\/hu\/wp-json\/wp\/v2\/pages"}],"about":[{"href":"https:\/\/innocellclinic.com\/hu\/wp-json\/wp\/v2\/types\/page"}],"author":[{"embeddable":true,"href":"https:\/\/innocellclinic.com\/hu\/wp-json\/wp\/v2\/users\/1"}],"replies":[{"embeddable":true,"href":"https:\/\/innocellclinic.com\/hu\/wp-json\/wp\/v2\/comments?post=516"}],"version-history":[{"count":31,"href":"https:\/\/innocellclinic.com\/hu\/wp-json\/wp\/v2\/pages\/516\/revisions"}],"predecessor-version":[{"id":1153,"href":"https:\/\/innocellclinic.com\/hu\/wp-json\/wp\/v2\/pages\/516\/revisions\/1153"}],"up":[{"embeddable":true,"href":"https:\/\/innocellclinic.com\/hu\/wp-json\/wp\/v2\/pages\/185"}],"wp:attachment":[{"href":"https:\/\/innocellclinic.com\/hu\/wp-json\/wp\/v2\/media?parent=516"}],"curies":[{"name":"wp","href":"https:\/\/api.w.org\/{rel}","templated":true}]}}