{"id":474,"date":"2024-04-12T00:15:14","date_gmt":"2024-04-11T22:15:14","guid":{"rendered":"https:\/\/innocellclinic.com\/?page_id=474"},"modified":"2024-05-26T11:35:25","modified_gmt":"2024-05-26T09:35:25","slug":"dr-kovesd-zsuzsanna","status":"publish","type":"page","link":"https:\/\/innocellclinic.com\/hu\/rolunk\/munkatarsaink\/dr-kovesd-zsuzsanna\/","title":{"rendered":"Dr. K\u00f6vesd Zsuzsanna"},"content":{"rendered":"\t\t<div data-elementor-type=\"wp-page\" data-elementor-id=\"474\" class=\"elementor elementor-474\">\n\t\t\t\t<div class=\"elementor-element elementor-element-4f9330b6 e-con-full e-flex e-con e-parent\" data-id=\"4f9330b6\" data-element_type=\"container\">\n\t\t\t\t<div class=\"elementor-element elementor-element-5cfd209a elementor-widget elementor-widget-pageTitleNarrow\" data-id=\"5cfd209a\" data-element_type=\"widget\" data-widget_type=\"pageTitleNarrow.default\">\n\t\t\t\t<div class=\"elementor-widget-container\">\n\t\t\t\t\t\n<section class=\"page-title-layout1 page-title-light text-center bg-overlay bg-parallax\">\n\n\t<div class=\"bg-img\"><\/div>\n\t<div class=\"container\">\n\t\t<div class=\"row\">\n\t\t\t<div class=\"col-12\">\n\t\t\t\t<h1 class=\"pagetitle-heading\">Dr. K\u00f6vesd Zsuzsanna<\/h1>\n\n\t\t\t\t\t\t\t\t\t<p class=\"pagetitle-desc\">\n\t\t\t\t\t\ttulajdonos, \u00fcgyvezet\u0151 igazgat\u00f3 (CEO)\t\t\t\t\t<\/p>\n\t\t\t\t\n\t\t\t\t<div class=\"d-flex flex-wrap align-items-center justify-content-center\">\n\n\t\t\t\t\t\n\t\t\t\t\t\n\t\t\t\t<\/div>\n\n\t\t\t\t<nav><ol class=\"breadcrumb d-flex justify-content-center mb-0 mt-80\"><li class=\"breadcrumb-item\"><a href=\"https:\/\/innocellclinic.com\/hu\/\">F\u0151oldal<\/a><\/li><\/ol><\/nav>\n\t\t\t<\/div><!-- \/.col-xl-6 -->\n\t\t<\/div><!-- \/.row -->\n\t<\/div><!-- \/.container -->\n\t<a class=\"home-nav\" href=\"https:\/\/innocellclinic.com\/hu\/\">\n\t\t<i class=\"icon-home\"><\/i>\n\t<\/a>\n\t<div class=\"curve-top-shape\">\n\t\t<svg class=\"curve-svg\" xmlns=\"http:\/\/www.w3.org\/2000\/svg\" viewBox=\"0 0 1000 100\" preserveAspectRatio=\"none\">\n\t\t\t<path class=\"curve-path\" d=\"M1000,4.3V0H0v4.3C0.9,23.1,126.7,99.2,500,100S1000,22.7,1000,4.3z\"><\/path>\n\t\t<\/svg>\n\t<\/div><!-- \/.curve -->\n<\/section><!-- \/.page-title -->\n\t\t\t\t<\/div>\n\t\t\t\t<\/div>\n\t\t\t\t<\/div>\n\t\t<div class=\"elementor-element elementor-element-19552426 e-con-full e-flex e-con e-parent\" data-id=\"19552426\" data-element_type=\"container\">\n\t\t\t\t<div class=\"elementor-element elementor-element-410821ab elementor-widget elementor-widget-about-simple\" data-id=\"410821ab\" data-element_type=\"widget\" data-widget_type=\"about-simple.default\">\n\t\t\t\t<div class=\"elementor-widget-container\">\n\t\t\t\t\t\n<section class=\"about-layout1 pt-90 pb-130\">\n\t<div class=\"container\">\n\t\t<div class=\"row\">\n\t\t\t<div class=\"col-sm-12 col-md-5 col-lg-6 col-xl-4 offset-xl-2\">\n\t\t\t\t<div class=\"about-img\">\n\n\t\t\t\t\t\n\t\t\t\t<\/div>\n\t\t\t<\/div><!-- \/.col-12 -->\n\t\t\t<div class=\"col-sm-12 col-md-6 col-lg-6 col-xl-4\">\n\t\t\t\t<div class=\"about-text\">\n\t\t\t\t\t\t\t\t\t\t\t<p class=\"color-secondary mb-30\">A Semmelweis Egyetemen szerzett \u00e1ltal\u00e1nos orvosi diplom\u00e1t. \nA Salus Kft. \u00e9s a Kelen K\u00f3rh\u00e1z tulajdonosa, \u00fcgyvezet\u0151 igazgat\u00f3ja. A Salus Kft. gy\u00f3gy\u00e1szati seg\u00e9deszk\u00f6z\u00f6k fejleszt\u00e9s\u00e9vel \u00e9s kereskedelm\u00e9vel foglalkoz\u00f3 kisv\u00e1llalkoz\u00e1s orsz\u00e1gos szinten biztos\u00edtja az eg\u00e9szs\u00e9g\u00fcgyi int\u00e9zm\u00e9nyek ell\u00e1t\u00e1s\u00e1t, intelligens k\u00f6tszerekkel, \u00e9s egy\u00e9b seg\u00e9deszk\u00f6z\u00f6kkel. \n\nA hum\u00e1n klinikai vizsg\u00e1latok szponzor\u00e1l\u00e1s\u00e1ban, lebonyol\u00edt\u00e1s\u00e1ban \u00e9s kivitelez\u00e9s\u00e9ben t\u00f6bb \u00e9vtizedes tapasztalattal rendelkezik.<\/p>\n\t\t\t\t\t\t\t\t\t\t\n\t\t\t\t<\/div>\n\t\t\t<\/div><!-- \/.col-lg-6 -->\n\t\t<\/div><!-- \/.row -->\n\t<\/div><!-- \/.container -->\n<\/section><!-- \/.About Layout 1 -->\n\t\t\t\t<\/div>\n\t\t\t\t<\/div>\n\t\t\t\t<div class=\"elementor-element elementor-element-4c75806 elementor-align-center elementor-widget elementor-widget-button\" data-id=\"4c75806\" data-element_type=\"widget\" data-widget_type=\"button.default\">\n\t\t\t\t<div class=\"elementor-widget-container\">\n\t\t\t\t\t\t\t\t\t<div class=\"elementor-button-wrapper\">\n\t\t\t\t\t<a class=\"elementor-button elementor-button-link elementor-size-sm\" href=\"https:\/\/innocellclinic.com\/rolunk\/munkatarsaink\/\">\n\t\t\t\t\t\t<span class=\"elementor-button-content-wrapper\">\n\t\t\t\t\t\t\t\t\t<span class=\"elementor-button-text\">VISSZA<\/span>\n\t\t\t\t\t<\/span>\n\t\t\t\t\t<\/a>\n\t\t\t\t<\/div>\n\t\t\t\t\t\t\t\t<\/div>\n\t\t\t\t<\/div>\n\t\t\t\t<\/div>\n\t\t\t\t<\/div>\n\t\t","protected":false},"excerpt":{"rendered":"<p>Dr. K\u00f6vesd Zsuzsanna tulajdonos, \u00fcgyvezet\u0151 igazgat\u00f3 (CEO) F\u0151oldal A Semmelweis Egyetemen szerzett \u00e1ltal\u00e1nos orvosi diplom\u00e1t. A Salus Kft. \u00e9s a Kelen K\u00f3rh\u00e1z tulajdonosa, \u00fcgyvezet\u0151 igazgat\u00f3ja. A Salus Kft. gy\u00f3gy\u00e1szati seg\u00e9deszk\u00f6z\u00f6k fejleszt\u00e9s\u00e9vel \u00e9s kereskedelm\u00e9vel foglalkoz\u00f3 kisv\u00e1llalkoz\u00e1s orsz\u00e1gos szinten biztos\u00edtja az eg\u00e9szs\u00e9g\u00fcgyi int\u00e9zm\u00e9nyek ell\u00e1t\u00e1s\u00e1t, intelligens k\u00f6tszerekkel, \u00e9s egy\u00e9b seg\u00e9deszk\u00f6z\u00f6kkel. A hum\u00e1n klinikai vizsg\u00e1latok szponzor\u00e1l\u00e1s\u00e1ban, lebonyol\u00edt\u00e1s\u00e1ban \u00e9s kivitelez\u00e9s\u00e9ben [&hellip;]<\/p>\n","protected":false},"author":1,"featured_media":0,"parent":185,"menu_order":0,"comment_status":"closed","ping_status":"closed","template":"","meta":{"footnotes":""},"class_list":["post-474","page","type-page","status-publish","hentry"],"_links":{"self":[{"href":"https:\/\/innocellclinic.com\/hu\/wp-json\/wp\/v2\/pages\/474","targetHints":{"allow":["GET"]}}],"collection":[{"href":"https:\/\/innocellclinic.com\/hu\/wp-json\/wp\/v2\/pages"}],"about":[{"href":"https:\/\/innocellclinic.com\/hu\/wp-json\/wp\/v2\/types\/page"}],"author":[{"embeddable":true,"href":"https:\/\/innocellclinic.com\/hu\/wp-json\/wp\/v2\/users\/1"}],"replies":[{"embeddable":true,"href":"https:\/\/innocellclinic.com\/hu\/wp-json\/wp\/v2\/comments?post=474"}],"version-history":[{"count":37,"href":"https:\/\/innocellclinic.com\/hu\/wp-json\/wp\/v2\/pages\/474\/revisions"}],"predecessor-version":[{"id":1150,"href":"https:\/\/innocellclinic.com\/hu\/wp-json\/wp\/v2\/pages\/474\/revisions\/1150"}],"up":[{"embeddable":true,"href":"https:\/\/innocellclinic.com\/hu\/wp-json\/wp\/v2\/pages\/185"}],"wp:attachment":[{"href":"https:\/\/innocellclinic.com\/hu\/wp-json\/wp\/v2\/media?parent=474"}],"curies":[{"name":"wp","href":"https:\/\/api.w.org\/{rel}","templated":true}]}}