{"id":22,"date":"2024-02-25T00:07:56","date_gmt":"2024-02-24T23:07:56","guid":{"rendered":"http:\/\/kelen-kutatas.test\/?page_id=22"},"modified":"2025-02-04T10:04:28","modified_gmt":"2025-02-04T09:04:28","slug":"kapcsolat","status":"publish","type":"page","link":"https:\/\/innocellclinic.com\/hu\/kapcsolat\/","title":{"rendered":"Kapcsolat"},"content":{"rendered":"\t\t<div data-elementor-type=\"wp-page\" data-elementor-id=\"22\" class=\"elementor elementor-22\">\n\t\t\t\t<div class=\"elementor-element elementor-element-0a99ff7 e-con-full e-flex e-con e-parent\" data-id=\"0a99ff7\" data-element_type=\"container\">\n\t\t\t\t<div class=\"elementor-element elementor-element-4eff431 elementor-widget elementor-widget-pageTitle\" data-id=\"4eff431\" data-element_type=\"widget\" data-widget_type=\"pageTitle.default\">\n\t\t\t\t<div class=\"elementor-widget-container\">\n\t\t\t\t\t\n<section class=\"page-title-layout1 page-title-light text-center bg-overlay bg-parallax\">\n\n\t<div class=\"bg-img\"><img fetchpriority=\"high\" decoding=\"async\" width=\"2048\" height=\"1340\" src=\"https:\/\/innocellclinic.com\/wp-content\/uploads\/2024\/05\/kapcsolat-Oldal-cim-keppel-kerekitett-2048x1340-png.png\" class=\"\" alt=\"parallax\" srcset=\"https:\/\/innocellclinic.com\/wp-content\/uploads\/2024\/05\/kapcsolat-Oldal-cim-keppel-kerekitett-2048x1340-png.png 2048w, https:\/\/innocellclinic.com\/wp-content\/uploads\/2024\/05\/kapcsolat-Oldal-cim-keppel-kerekitett-2048x1340-png-300x196.png 300w, https:\/\/innocellclinic.com\/wp-content\/uploads\/2024\/05\/kapcsolat-Oldal-cim-keppel-kerekitett-2048x1340-png-1024x670.png 1024w, https:\/\/innocellclinic.com\/wp-content\/uploads\/2024\/05\/kapcsolat-Oldal-cim-keppel-kerekitett-2048x1340-png-768x503.png 768w, https:\/\/innocellclinic.com\/wp-content\/uploads\/2024\/05\/kapcsolat-Oldal-cim-keppel-kerekitett-2048x1340-png-1536x1005.png 1536w\" sizes=\"(max-width: 2048px) 100vw, 2048px\" \/><\/div>\n\t<div class=\"container\">\n\t\t<div class=\"row\">\n\t\t\t<div class=\"col-12 col-xl-6 offset-xl-3\">\n\t\t\t\t<h1 class=\"pagetitle-heading\">Kapcsolat<\/h1>\n\n\t\t\t\t\n\t\t\t\t<div class=\"d-flex flex-wrap align-items-center justify-content-center\">\n\n\t\t\t\t\t\n\t\t\t\t\t\n\t\t\t\t<\/div>\n\n\t\t\t\t<nav><ol class=\"breadcrumb d-flex justify-content-center mb-0 mt-80\"><li class=\"breadcrumb-item\"><a href=\"https:\/\/innocellclinic.com\/hu\/\">F\u0151oldal<\/a><\/li><\/ol><\/nav>\n\t\t\t<\/div><!-- \/.col-xl-6 -->\n\t\t<\/div><!-- \/.row -->\n\t<\/div><!-- \/.container -->\n\t<a class=\"home-nav\" href=\"https:\/\/innocellclinic.com\/hu\/\">\n\t\t<i class=\"icon-home\"><\/i>\n\t<\/a>\n\t<div class=\"curve-top-shape\">\n\t\t<svg class=\"curve-svg\" xmlns=\"http:\/\/www.w3.org\/2000\/svg\" viewBox=\"0 0 1000 100\" preserveAspectRatio=\"none\">\n\t\t\t<path class=\"curve-path\" d=\"M1000,4.3V0H0v4.3C0.9,23.1,126.7,99.2,500,100S1000,22.7,1000,4.3z\"><\/path>\n\t\t<\/svg>\n\t<\/div><!-- \/.curve -->\n<\/section><!-- \/.page-title -->\n\t\t\t\t<\/div>\n\t\t\t\t<\/div>\n\t\t\t\t<\/div>\n\t\t<div class=\"elementor-element elementor-element-77d7227 e-con-full e-flex e-con e-parent\" data-id=\"77d7227\" data-element_type=\"container\">\n\t\t\t\t<div class=\"elementor-element elementor-element-35479c9 elementor-widget elementor-widget-contact-layout-1\" data-id=\"35479c9\" data-element_type=\"widget\" data-widget_type=\"contact-layout-1.default\">\n\t\t\t\t<div class=\"elementor-widget-container\">\n\t\t\t\t\t\n<section class=\"contact-layout1\">\n\t<div class=\"container\">\n\t\t<div class=\"row\">\n\t\t\t<div class=\"col-sm-12 col-md-12 col-lg-7\">\n\t\t\t\t<div class=\"heading-layout2 mb-50\">\n\n\t\t\t\t\t\t\t\t\t\t<h3 class=\"heading-title\">Vegye fel vel\u00fcnk a kapcsolatot!<\/h3>\n\t\t\t\t<\/div>\n\t\t\t<\/div><!-- \/.col-lg-7 -->\n\t\t<\/div><!-- \/.row -->\n\t\t<div class=\"row\">\n\t\t\t<div class=\"col-sm-12 col-md-12 col-lg-4\">\n\t\t\t\t<div class=\"text-block\">\n\n\t\t\t\t\t<p class=\"text-block-desc\">SALUS Kft.<br \/>\n1119 Budapest, Than K\u00e1roly utca 20. <br \/>\nE-mail: info@innocellclinic.com<br \/>\n<\/p>\n\t\t\t\t<\/div>\n\n\t\t\t\t\n\t\t\t<\/div><!-- \/.col-lg-4 -->\n\t\t\t<div class=\"col-sm-12 col-md-12 col-lg-8\">\n\n\t\t\t\t\n<div class=\"wpcf7 no-js\" id=\"wpcf7-f180-o1\" lang=\"hu-HU\" dir=\"ltr\" data-wpcf7-id=\"180\">\n<div class=\"screen-reader-response\"><p role=\"status\" aria-live=\"polite\" aria-atomic=\"true\"><\/p> <ul><\/ul><\/div>\n<form action=\"\/hu\/wp-json\/wp\/v2\/pages\/22#wpcf7-f180-o1\" method=\"post\" class=\"wpcf7-form init\" aria-label=\"Kapcsolatfelv\u00e9teli \u0171rlap\" novalidate=\"novalidate\" data-status=\"init\">\n<fieldset class=\"hidden-fields-container\"><input type=\"hidden\" name=\"_wpcf7\" value=\"180\" \/><input type=\"hidden\" name=\"_wpcf7_version\" value=\"6.1\" \/><input type=\"hidden\" name=\"_wpcf7_locale\" value=\"hu_HU\" \/><input type=\"hidden\" name=\"_wpcf7_unit_tag\" value=\"wpcf7-f180-o1\" \/><input type=\"hidden\" name=\"_wpcf7_container_post\" value=\"0\" \/><input type=\"hidden\" name=\"_wpcf7_posted_data_hash\" value=\"\" \/>\n<\/fieldset>\n<div class=\"row\">\n  <div class=\"col-sm-12 col-md-4 col-lg-4\">\n    <div class=\"form-group\">\n      <span class=\"wpcf7-form-control-wrap\" data-name=\"contact-name\"><input size=\"40\" maxlength=\"400\" class=\"wpcf7-form-control wpcf7-text wpcf7-validates-as-required form-control\" id=\"contact-name\" aria-required=\"true\" aria-invalid=\"false\" placeholder=\"N\u00e9v\" value=\"\" type=\"text\" name=\"contact-name\" \/><\/span>\n    <\/div>\n  <\/div><!-- \/.col-lg-4 -->\n  <div class=\"col-sm-12 col-md-4 col-lg-4\">\n    <div class=\"form-group\">\n      <span class=\"wpcf7-form-control-wrap\" data-name=\"contact-email\"><input size=\"40\" maxlength=\"400\" class=\"wpcf7-form-control wpcf7-email wpcf7-validates-as-required wpcf7-text wpcf7-validates-as-email form-control\" id=\"contact-email\" aria-required=\"true\" aria-invalid=\"false\" placeholder=\"E-mail\" value=\"\" type=\"email\" name=\"contact-email\" \/><\/span>\n    <\/div>\n  <\/div><!-- \/.col-lg-4 -->\n  <div class=\"col-sm-12 col-md-4 col-lg-4\">\n    <div class=\"form-group\">\n      <span class=\"wpcf7-form-control-wrap\" data-name=\"contact-phone\"><input size=\"40\" maxlength=\"400\" class=\"wpcf7-form-control wpcf7-text wpcf7-validates-as-required form-control\" id=\"contact-phone\" aria-required=\"true\" aria-invalid=\"false\" placeholder=\"Telefon\" value=\"\" type=\"text\" name=\"contact-phone\" \/><\/span>\n    <\/div>\n  <\/div><!-- \/.col-lg-4 -->\n  <div class=\"col-12\">\n    <div class=\"form-group\">\n      <span class=\"wpcf7-form-control-wrap\" data-name=\"contact-message\"><textarea cols=\"40\" rows=\"10\" maxlength=\"2000\" class=\"wpcf7-form-control wpcf7-textarea wpcf7-validates-as-required form-control\" id=\"contact-message\" aria-required=\"true\" aria-invalid=\"false\" name=\"contact-message\">\u00dczenet<\/textarea><\/span>\n    <\/div>\n    <button type=\"submit\" class=\"btn btn-primary btn-block btn-xhight mt-10\">\n      <span>K\u00fcld\u00e9s<\/span> <i class=\"icon-arrow-right\"><\/i>\n    <\/button>\n    <div class=\"contact-result\"><\/div>\n  <\/div><!-- \/.col-lg-12 -->\n<\/div><!-- \/.row --><div class=\"wpcf7-response-output\" aria-hidden=\"true\"><\/div>\n<\/form>\n<\/div>\n\n\t\t\t<\/div><!-- \/.col-lg-8 -->\n\t\t<\/div><!-- \/.row -->\n\t<\/div><!-- \/.container -->\n<\/section><!-- \/.contact layout 1 -->\n\t\t\t\t<\/div>\n\t\t\t\t<\/div>\n\t\t\t\t<\/div>\n\t\t<div class=\"elementor-element elementor-element-c5db979 e-con-full elementor-hidden-desktop elementor-hidden-tablet elementor-hidden-mobile e-flex e-con e-parent\" data-id=\"c5db979\" data-element_type=\"container\">\n\t\t\t\t<div class=\"elementor-element elementor-element-7d3aeb0 elementor-widget elementor-widget-banner-1\" data-id=\"7d3aeb0\" data-element_type=\"widget\" data-widget_type=\"banner-1.default\">\n\t\t\t\t<div class=\"elementor-widget-container\">\n\t\t\t\t\t\n<section class=\"banner-layout1 bg-overlay bg-overlay-secondary-gradient bg-parallax pt-130 pb-0\">\n\n\t<div class=\"bg-img\"><img decoding=\"async\" width=\"2048\" height=\"1334\" src=\"https:\/\/innocellclinic.com\/wp-content\/uploads\/2024\/03\/demo-background-1.jpg\" class=\"\" alt=\"parallax\" srcset=\"https:\/\/innocellclinic.com\/wp-content\/uploads\/2024\/03\/demo-background-1.jpg 2048w, https:\/\/innocellclinic.com\/wp-content\/uploads\/2024\/03\/demo-background-1-300x195.jpg 300w, https:\/\/innocellclinic.com\/wp-content\/uploads\/2024\/03\/demo-background-1-768x500.jpg 768w, https:\/\/innocellclinic.com\/wp-content\/uploads\/2024\/03\/demo-background-1-1024x667.jpg 1024w, https:\/\/innocellclinic.com\/wp-content\/uploads\/2024\/03\/demo-background-1-1536x1001.jpg 1536w\" sizes=\"(max-width: 2048px) 100vw, 2048px\" \/><\/div>\n\t<div class=\"container\">\n\t\t<div class=\"row\">\n\t\t\t<div class=\"col-12 col-xl-6\">\n\t\t\t\t<div class=\"heading-layout2 heading-light mb-60\">\n\n\t\t\t\t\t<h3 class=\"heading-subtitle color-primary\">What Payment Methods Are Available<\/h3>\t\t\t\t\t<h3 class=\"heading-title\">Helping To Deliver Answers For Health Questions.<\/h3>\n\t\t\t\t<\/div><!-- \/.heading-layout2 -->\n\t\t\t<\/div><!-- \/.col-xl-6 -->\n\t\t<\/div><!-- \/.row -->\n\t\t<div class=\"row\">\n\t\t\t<div class=\"col-sm-10 col-lg-7 col-lg-6 col-xl-6\">\n\t\t\t\t<div class=\"banner-img\">\n\n\t\t\t\t\t<img decoding=\"async\" width=\"2048\" height=\"1365\" src=\"https:\/\/innocellclinic.com\/wp-content\/uploads\/2024\/03\/demo-page-titles-1.jpg\" class=\"rounded-4 w-100\" alt=\"banner\" srcset=\"https:\/\/innocellclinic.com\/wp-content\/uploads\/2024\/03\/demo-page-titles-1.jpg 2048w, https:\/\/innocellclinic.com\/wp-content\/uploads\/2024\/03\/demo-page-titles-1-405x271.jpg 405w, https:\/\/innocellclinic.com\/wp-content\/uploads\/2024\/03\/demo-page-titles-1-300x200.jpg 300w, https:\/\/innocellclinic.com\/wp-content\/uploads\/2024\/03\/demo-page-titles-1-768x512.jpg 768w, https:\/\/innocellclinic.com\/wp-content\/uploads\/2024\/03\/demo-page-titles-1-1024x683.jpg 1024w, https:\/\/innocellclinic.com\/wp-content\/uploads\/2024\/03\/demo-page-titles-1-1536x1024.jpg 1536w\" sizes=\"(max-width: 2048px) 100vw, 2048px\" \/>\n\t\t\t\t\t\t\t\t\t\t\t<div class=\"promo-text\">\n\t\t\t\t\t\t\t<span class=\"inner-text\">25+ Years Of Experience<\/span>\n\t\t\t\t\t\t<\/div>\n\t\t\t\t\t\n\t\t\t\t\t<div class=\"banner-shape\">\n\t\t\t\t\t\t<span class=\"hexagon-clippath\"><\/span><span class=\"hexagon-clippath2\"><\/span>\n\t\t\t\t\t<\/div>\n\t\t\t\t<\/div>\n\t\t\t<\/div><!-- \/.col-xl-6 -->\n\t\t\t<div class=\"col-sm-12 col-lg-8 col-xl-5 offset-xl-1\">\n\t\t\t\t<div class=\"banner-text\">\n\n\t\t\t\t\t<p class=\"color-white fw-bold\">Appointments may be booked to help reduce your wait time. If you are unable to book an appointment, we do our best to minimize your wait, but the length of your visit will depend on the number of patients in the Patient Service Centre. Typically, wait times are a little longer in the morning as patients tend to fast for tests over night.<\/p>\t\t\t\t\t<p class=\"color-white\">To provide a comfortable and safe environment for our patients and employees, please avoid wearing scented perfumes or creams when visiting our Patient Service Centres.<\/p>\n\t\t\t\t<\/div>\n\t\t\t\t\t\t\t\t\t<div class=\"fancybox-layout2 fancybox-light mt-50\">\n\t\t\t\t\t\t\n\t\t\t\t\t\t\t<div class=\"fancybox-item\">\n\t\t\t\t\t\t\t\t<div class=\"fancybox-icon\">\n\t\t\t\t\t\t\t\t\t<i class=\"icon-flask\"><\/i>\n\t\t\t\t\t\t\t\t<\/div><!-- \/.fancybox-icon -->\n\t\t\t\t\t\t\t\t<div class=\"fancybox-body\">\n\n\t\t\t\t\t\t\t\t\t\t\t\t\t\t\t\t\t\t\t<h4 class=\"fancybox-title\">World Class Diagnostics<\/h4>\n\t\t\t\t\t\t\t\t\t\n\t\t\t\t\t\t\t\t\t\t\t\t\t\t\t\t\t\t\t<p class=\"fancybox-desc\">We have developed some of the world's most advanced testing capabilities to help improve health and lives.<\/p>\n\t\t\t\t\t\t\t\t\t\n\t\t\t\t\t\t\t\t<\/div><!-- \/.fancybox-body -->\n\t\t\t\t\t\t\t<\/div><!-- \/.fancybox-item -->\n\n\t\t\t\t\t\t\n\t\t\t\t\t\t\t<div class=\"fancybox-item\">\n\t\t\t\t\t\t\t\t<div class=\"fancybox-icon\">\n\t\t\t\t\t\t\t\t\t<i class=\"icon-medicine\"><\/i>\n\t\t\t\t\t\t\t\t<\/div><!-- \/.fancybox-icon -->\n\t\t\t\t\t\t\t\t<div class=\"fancybox-body\">\n\n\t\t\t\t\t\t\t\t\t\t\t\t\t\t\t\t\t\t\t<h4 class=\"fancybox-title\">Leader in Drug Development<\/h4>\n\t\t\t\t\t\t\t\t\t\n\t\t\t\t\t\t\t\t\t\t\t\t\t\t\t\t\t\t\t<p class=\"fancybox-desc\">With the support of our diagnostics capabilities to deliver drug trials that are both reliable and rigorous.<\/p>\n\t\t\t\t\t\t\t\t\t\n\t\t\t\t\t\t\t\t<\/div><!-- \/.fancybox-body -->\n\t\t\t\t\t\t\t<\/div><!-- \/.fancybox-item -->\n\n\t\t\t\t\t\t\t\t\t\t\t<\/div><!-- \/.fancybox-layout2 -->\n\t\t\t\t\n\t\t\t<\/div><!-- \/.col-xl-6 -->\n\t\t<\/div><!-- \/.row -->\n\t<\/div><!-- \/.container -->\n\t<div class=\"secondary-content\">\n\t\t<div class=\"container\">\n\t\t\t<div class=\"row\">\n\t\t\t\t<div class=\"col-12 col-xl-6 offset-xl-3 text-center\">\n\n\t\t\t\t\t<p class=\"fw-bold color-white fz-16\">We process more than 3 million patient specimens per week and help medical professionals and patients make important health decisions, by identifying patterns and even individuals who might benefit from enrollment in specific drug trials.<\/p>\n\t\t\t\t\t\t\t\t\t\t\t<div class=\"certificates-container d-flex align-items-center mb-10 justify-content-center\">\n\n\t\t\t\t\t\t\t\n\t\t\t\t\t\t\t\t<div class=\"col-auto\">\n\t\t\t\t\t\t\t\t\t<img loading=\"lazy\" decoding=\"async\" width=\"150\" height=\"150\" src=\"https:\/\/innocellclinic.com\/wp-content\/uploads\/2024\/03\/demo-certificate-1.png\" class=\"attachment-full size-full\" alt=\"certificate\" \/>\t\t\t\t\t\t\t\t<\/div>\n\n\t\t\t\t\t\t\t\n\t\t\t\t\t\t\t\t<div class=\"col-auto\">\n\t\t\t\t\t\t\t\t\t<img loading=\"lazy\" decoding=\"async\" width=\"150\" height=\"150\" src=\"https:\/\/innocellclinic.com\/wp-content\/uploads\/2024\/03\/demo-certificate-3.png\" class=\"attachment-full size-full\" alt=\"certificate\" \/>\t\t\t\t\t\t\t\t<\/div>\n\n\t\t\t\t\t\t\t\n\t\t\t\t\t\t\t\t<div class=\"col-auto\">\n\t\t\t\t\t\t\t\t\t<img loading=\"lazy\" decoding=\"async\" width=\"150\" height=\"150\" src=\"https:\/\/innocellclinic.com\/wp-content\/uploads\/2024\/03\/demo-certificate-2.png\" class=\"attachment-full size-full\" alt=\"certificate\" \/>\t\t\t\t\t\t\t\t<\/div>\n\n\t\t\t\t\t\t\t\t\t\t\t\t\t<\/div>\n\t\t\t\t\t\t\t\t\t<\/div><!-- \/.col-xl-6 -->\n\t\t\t<\/div><!-- \/.row -->\n\t\t<\/div><!-- \/.container -->\n\t<\/div><!-- \/.secondary-content -->\n<\/section><!-- \/.Banner Layout 1 -->\n\t\t\t\t<\/div>\n\t\t\t\t<\/div>\n\t\t\t\t<\/div>\n\t\t\t\t<\/div>\n\t\t","protected":false},"excerpt":{"rendered":"<p>Kapcsolat F\u0151oldal Vegye fel vel\u00fcnk a kapcsolatot! SALUS Kft. 1119 Budapest, Than K\u00e1roly utca 20. E-mail: info@innocellclinic.com \u00dczenet K\u00fcld\u00e9s What Payment Methods Are Available Helping To Deliver Answers For Health Questions. 25+ Years Of Experience Appointments may be booked to help reduce your wait time. If you are unable to book an appointment, we do [&hellip;]<\/p>\n","protected":false},"author":1,"featured_media":0,"parent":0,"menu_order":0,"comment_status":"closed","ping_status":"closed","template":"","meta":{"footnotes":""},"class_list":["post-22","page","type-page","status-publish","hentry"],"_links":{"self":[{"href":"https:\/\/innocellclinic.com\/hu\/wp-json\/wp\/v2\/pages\/22","targetHints":{"allow":["GET"]}}],"collection":[{"href":"https:\/\/innocellclinic.com\/hu\/wp-json\/wp\/v2\/pages"}],"about":[{"href":"https:\/\/innocellclinic.com\/hu\/wp-json\/wp\/v2\/types\/page"}],"author":[{"embeddable":true,"href":"https:\/\/innocellclinic.com\/hu\/wp-json\/wp\/v2\/users\/1"}],"replies":[{"embeddable":true,"href":"https:\/\/innocellclinic.com\/hu\/wp-json\/wp\/v2\/comments?post=22"}],"version-history":[{"count":25,"href":"https:\/\/innocellclinic.com\/hu\/wp-json\/wp\/v2\/pages\/22\/revisions"}],"predecessor-version":[{"id":1598,"href":"https:\/\/innocellclinic.com\/hu\/wp-json\/wp\/v2\/pages\/22\/revisions\/1598"}],"wp:attachment":[{"href":"https:\/\/innocellclinic.com\/hu\/wp-json\/wp\/v2\/media?parent=22"}],"curies":[{"name":"wp","href":"https:\/\/api.w.org\/{rel}","templated":true}]}}