{"id":185,"date":"2024-03-16T18:20:13","date_gmt":"2024-03-16T17:20:13","guid":{"rendered":"https:\/\/innocellclinic.com\/?page_id=185"},"modified":"2024-06-04T09:47:42","modified_gmt":"2024-06-04T07:47:42","slug":"munkatarsaink","status":"publish","type":"page","link":"https:\/\/innocellclinic.com\/hu\/rolunk\/munkatarsaink\/","title":{"rendered":"Munkat\u00e1rsaink"},"content":{"rendered":"\t\t<div data-elementor-type=\"wp-page\" data-elementor-id=\"185\" class=\"elementor elementor-185\">\n\t\t\t\t<div class=\"elementor-element elementor-element-d92b519 e-con-full e-flex e-con e-parent\" data-id=\"d92b519\" data-element_type=\"container\">\n\t\t\t\t<div class=\"elementor-element elementor-element-b453c2b elementor-widget elementor-widget-pageTitle\" data-id=\"b453c2b\" data-element_type=\"widget\" data-widget_type=\"pageTitle.default\">\n\t\t\t\t<div class=\"elementor-widget-container\">\n\t\t\t\t\t\n<section class=\"page-title-layout1 page-title-light text-center bg-overlay bg-parallax\">\n\n\t<div class=\"bg-img\"><img fetchpriority=\"high\" decoding=\"async\" width=\"2048\" height=\"1340\" src=\"https:\/\/innocellclinic.com\/wp-content\/uploads\/2024\/05\/munkatarsak-Oldal-cim-keppel-kerekitett-2048x1340-png.png\" class=\"\" alt=\"parallax\" srcset=\"https:\/\/innocellclinic.com\/wp-content\/uploads\/2024\/05\/munkatarsak-Oldal-cim-keppel-kerekitett-2048x1340-png.png 2048w, https:\/\/innocellclinic.com\/wp-content\/uploads\/2024\/05\/munkatarsak-Oldal-cim-keppel-kerekitett-2048x1340-png-300x196.png 300w, https:\/\/innocellclinic.com\/wp-content\/uploads\/2024\/05\/munkatarsak-Oldal-cim-keppel-kerekitett-2048x1340-png-1024x670.png 1024w, https:\/\/innocellclinic.com\/wp-content\/uploads\/2024\/05\/munkatarsak-Oldal-cim-keppel-kerekitett-2048x1340-png-768x503.png 768w, https:\/\/innocellclinic.com\/wp-content\/uploads\/2024\/05\/munkatarsak-Oldal-cim-keppel-kerekitett-2048x1340-png-1536x1005.png 1536w\" sizes=\"(max-width: 2048px) 100vw, 2048px\" \/><\/div>\n\t<div class=\"container\">\n\t\t<div class=\"row\">\n\t\t\t<div class=\"col-12 col-xl-6 offset-xl-3\">\n\t\t\t\t<h1 class=\"pagetitle-heading\">Munkat\u00e1rsaink<\/h1>\n\n\t\t\t\t\t\t\t\t\t<p class=\"pagetitle-desc\">\n\t\t\t\t\t\tAz InnoCell csapat\u00e1nak tagjai \u00e9vtizedes tapasztalattal rendelkeznek az eg\u00e9szs\u00e9g\u00fcgy, a gy\u00f3gyszeripar \u00e9s az \u0151ssejtkutat\u00e1s ter\u00e9n. A min\u0151s\u00e9get szakmai publik\u00e1ci\u00f3ik, kutat\u00e1si h\u00e1tter\u00fck, mintaoltalmi \u00e9s szabadalmi beadv\u00e1nyaik garant\u00e1lj\u00e1k.\t\t\t\t\t<\/p>\n\t\t\t\t\n\t\t\t\t<div class=\"d-flex flex-wrap align-items-center justify-content-center\">\n\n\t\t\t\t\t\n\t\t\t\t\t\n\t\t\t\t<\/div>\n\n\t\t\t\t<nav><ol class=\"breadcrumb d-flex justify-content-center mb-0 mt-80\"><li class=\"breadcrumb-item\"><a href=\"https:\/\/innocellclinic.com\/hu\/\">F\u0151oldal<\/a><\/li><\/ol><\/nav>\n\t\t\t<\/div><!-- \/.col-xl-6 -->\n\t\t<\/div><!-- \/.row -->\n\t<\/div><!-- \/.container -->\n\t<a class=\"home-nav\" href=\"https:\/\/innocellclinic.com\/hu\/\">\n\t\t<i class=\"icon-home\"><\/i>\n\t<\/a>\n\t<div class=\"curve-top-shape\">\n\t\t<svg class=\"curve-svg\" xmlns=\"http:\/\/www.w3.org\/2000\/svg\" viewBox=\"0 0 1000 100\" preserveAspectRatio=\"none\">\n\t\t\t<path class=\"curve-path\" d=\"M1000,4.3V0H0v4.3C0.9,23.1,126.7,99.2,500,100S1000,22.7,1000,4.3z\"><\/path>\n\t\t<\/svg>\n\t<\/div><!-- \/.curve -->\n<\/section><!-- \/.page-title -->\n\t\t\t\t<\/div>\n\t\t\t\t<\/div>\n\t\t\t\t<\/div>\n\t\t<div class=\"elementor-element elementor-element-331205e e-con-full e-flex e-con e-parent\" data-id=\"331205e\" data-element_type=\"container\">\n\t\t\t\t<div class=\"elementor-element elementor-element-bb61669 elementor-widget elementor-widget-team-layout-1\" data-id=\"bb61669\" data-element_type=\"widget\" data-widget_type=\"team-layout-1.default\">\n\t\t\t\t<div class=\"elementor-widget-container\">\n\t\t\t\t\t\n<section class=\"team-layout1 pb-30\">\n\t<div class=\"container\">\n\t\t<div class=\"row\">\n\n\t\t\t\n\t\t\t\t\t<div class=\"col-sm-6 col-md-4 col-lg-4\">\n\t\t\t\t\t\t<div class=\"member\">\n\t\t\t\t\t\t\t<a class=\"member-img\"  href=\"\/rolunk\/munkatarsaink\/dr-kovesd-zsuzsanna\/\" >\n\n\t\t\t\t\t\t\t\t\n\t\t\t\t\t\t\t<\/a><!-- \/.member-img -->\n\t\t\t\t\t\t\t<div class=\"member-info d-flex align-items-center justify-content-between\">\n\t\t\t\t\t\t\t\t<div>\n\n\t\t\t\t\t\t\t\t\t\t\t\t\t\t\t\t\t\t\t<a   href=\"\/rolunk\/munkatarsaink\/dr-kovesd-zsuzsanna\/\" >\n\t\t\t\t\t\t\t\t\t\n\t\t\t\t\t\t\t\t\t<h5 class=\"member-name\">Dr. K\u00f6vesd Zsuzsanna, MD<\/h5>\t\t\t\t\t\t\t\t\t<p class=\"member-desc\">Tulajdonos, \u00fcgyvezet\u0151 igazgat\u00f3<\/p>\n\t\t\t\t\t\t\t\t\t\t\t\t\t\t\t\t\t\t\t<\/a>\n\t\t\t\t\t\t\t\t\t\n\t\t\t\t\t\t\t\t<\/div>\n\t\t\t\t\t\t\t\t<ul class=\"social-icons list-unstyled mb-0\">\n\n\t\t\t\t\t\t\t\t\t\t\t\t\t\t\t\t\t\t\t\t\t\t\t\t\t\t\t\n\t\t\t\t\t\t\t\t<\/ul>\n\t\t\t\t\t\t\t<\/div><!-- \/.member-info -->\n\t\t\t\t\t\t<\/div><!-- \/.member -->\n\t\t\t\t\t<\/div><!-- \/.col-lg-4 -->\n\n\t\t\t\t\n\t\t\t\t\t<div class=\"col-sm-6 col-md-4 col-lg-4\">\n\t\t\t\t\t\t<div class=\"member\">\n\t\t\t\t\t\t\t<a class=\"member-img\"  href=\"\/rolunk\/munkatarsaink\/dr-szentivanyi-matyas\/\" >\n\n\t\t\t\t\t\t\t\t\n\t\t\t\t\t\t\t<\/a><!-- \/.member-img -->\n\t\t\t\t\t\t\t<div class=\"member-info d-flex align-items-center justify-content-between\">\n\t\t\t\t\t\t\t\t<div>\n\n\t\t\t\t\t\t\t\t\t\t\t\t\t\t\t\t\t\t\t<a   href=\"\/rolunk\/munkatarsaink\/dr-szentivanyi-matyas\/\" >\n\t\t\t\t\t\t\t\t\t\n\t\t\t\t\t\t\t\t\t<h5 class=\"member-name\">Dr. Szentiv\u00e1nyi M\u00e1ty\u00e1s, MD,PhD<\/h5>\t\t\t\t\t\t\t\t\t<p class=\"member-desc\">Operat\u00edv igazgat\u00f3<\/p>\n\t\t\t\t\t\t\t\t\t\t\t\t\t\t\t\t\t\t\t<\/a>\n\t\t\t\t\t\t\t\t\t\n\t\t\t\t\t\t\t\t<\/div>\n\t\t\t\t\t\t\t\t<ul class=\"social-icons list-unstyled mb-0\">\n\n\t\t\t\t\t\t\t\t\t\t\t\t\t\t\t\t\t\t\t\t\t\t\t\t\t\t\t\n\t\t\t\t\t\t\t\t<\/ul>\n\t\t\t\t\t\t\t<\/div><!-- \/.member-info -->\n\t\t\t\t\t\t<\/div><!-- \/.member -->\n\t\t\t\t\t<\/div><!-- \/.col-lg-4 -->\n\n\t\t\t\t\n\t\t\t\t\t<div class=\"col-sm-6 col-md-4 col-lg-4\">\n\t\t\t\t\t\t<div class=\"member\">\n\t\t\t\t\t\t\t<a class=\"member-img\"  href=\"\/rolunk\/munkatarsaink\/dr-forgacs-gabor\/\" >\n\n\t\t\t\t\t\t\t\t\n\t\t\t\t\t\t\t<\/a><!-- \/.member-img -->\n\t\t\t\t\t\t\t<div class=\"member-info d-flex align-items-center justify-content-between\">\n\t\t\t\t\t\t\t\t<div>\n\n\t\t\t\t\t\t\t\t\t\t\t\t\t\t\t\t\t\t\t<a   href=\"\/rolunk\/munkatarsaink\/dr-forgacs-gabor\/\" >\n\t\t\t\t\t\t\t\t\t\n\t\t\t\t\t\t\t\t\t<h5 class=\"member-name\">Dr. Forg\u00e1cs G\u00e1bor, MD, PhD <\/h5>\t\t\t\t\t\t\t\t\t<p class=\"member-desc\">Vezet\u0151 strat\u00e9giai \u00e9s \u00e9rt\u00e9kes\u00edt\u00e9si tan\u00e1csad\u00f3<\/p>\n\t\t\t\t\t\t\t\t\t\t\t\t\t\t\t\t\t\t\t<\/a>\n\t\t\t\t\t\t\t\t\t\n\t\t\t\t\t\t\t\t<\/div>\n\t\t\t\t\t\t\t\t<ul class=\"social-icons list-unstyled mb-0\">\n\n\t\t\t\t\t\t\t\t\t\t\t\t\t\t\t\t\t\t\t\t\t\t\t\t\t\t\t\n\t\t\t\t\t\t\t\t<\/ul>\n\t\t\t\t\t\t\t<\/div><!-- \/.member-info -->\n\t\t\t\t\t\t<\/div><!-- \/.member -->\n\t\t\t\t\t<\/div><!-- \/.col-lg-4 -->\n\n\t\t\t\t\n\t\t\t\t\t<div class=\"col-sm-6 col-md-4 col-lg-4\">\n\t\t\t\t\t\t<div class=\"member\">\n\t\t\t\t\t\t\t<a class=\"member-img\"  href=\"\/rolunk\/munkatarsaink\/dr-erdei-zsuzsa\/\" >\n\n\t\t\t\t\t\t\t\t\n\t\t\t\t\t\t\t<\/a><!-- \/.member-img -->\n\t\t\t\t\t\t\t<div class=\"member-info d-flex align-items-center justify-content-between\">\n\t\t\t\t\t\t\t\t<div>\n\n\t\t\t\t\t\t\t\t\t\t\t\t\t\t\t\t\t\t\t<a   href=\"\/rolunk\/munkatarsaink\/dr-erdei-zsuzsa\/\" >\n\t\t\t\t\t\t\t\t\t\n\t\t\t\t\t\t\t\t\t<h5 class=\"member-name\">Dr. Erdei Zsuzsa, PhD<\/h5>\t\t\t\t\t\t\t\t\t<p class=\"member-desc\">Projektvezet\u0151, InnoCell labor szakmai vezet\u0151<\/p>\n\t\t\t\t\t\t\t\t\t\t\t\t\t\t\t\t\t\t\t<\/a>\n\t\t\t\t\t\t\t\t\t\n\t\t\t\t\t\t\t\t<\/div>\n\t\t\t\t\t\t\t\t<ul class=\"social-icons list-unstyled mb-0\">\n\n\t\t\t\t\t\t\t\t\t\t\t\t\t\t\t\t\t\t\t\t\t\t\t\t\t\t\t\n\t\t\t\t\t\t\t\t<\/ul>\n\t\t\t\t\t\t\t<\/div><!-- \/.member-info -->\n\t\t\t\t\t\t<\/div><!-- \/.member -->\n\t\t\t\t\t<\/div><!-- \/.col-lg-4 -->\n\n\t\t\t\t\n\t\t\t\t\t<div class=\"col-sm-6 col-md-4 col-lg-4\">\n\t\t\t\t\t\t<div class=\"member\">\n\t\t\t\t\t\t\t<a class=\"member-img\"  href=\"\/rolunk\/munkatarsaink\/dr-sarkadi-balazs\/\" >\n\n\t\t\t\t\t\t\t\t\n\t\t\t\t\t\t\t<\/a><!-- \/.member-img -->\n\t\t\t\t\t\t\t<div class=\"member-info d-flex align-items-center justify-content-between\">\n\t\t\t\t\t\t\t\t<div>\n\n\t\t\t\t\t\t\t\t\t\t\t\t\t\t\t\t\t\t\t<a   href=\"\/rolunk\/munkatarsaink\/dr-sarkadi-balazs\/\" >\n\t\t\t\t\t\t\t\t\t\n\t\t\t\t\t\t\t\t\t<h5 class=\"member-name\">Dr. Sarkadi Bal\u00e1zs, MD, PhD, DSc <\/h5>\t\t\t\t\t\t\t\t\t<p class=\"member-desc\">Vezet\u0151 klinikai kutat\u00e1s-fejleszt\u00e9si tan\u00e1csad\u00f3<\/p>\n\t\t\t\t\t\t\t\t\t\t\t\t\t\t\t\t\t\t\t<\/a>\n\t\t\t\t\t\t\t\t\t\n\t\t\t\t\t\t\t\t<\/div>\n\t\t\t\t\t\t\t\t<ul class=\"social-icons list-unstyled mb-0\">\n\n\t\t\t\t\t\t\t\t\t\t\t\t\t\t\t\t\t\t\t\t\t\t\t\t\t\t\t\n\t\t\t\t\t\t\t\t<\/ul>\n\t\t\t\t\t\t\t<\/div><!-- \/.member-info -->\n\t\t\t\t\t\t<\/div><!-- \/.member -->\n\t\t\t\t\t<\/div><!-- \/.col-lg-4 -->\n\n\t\t\t\t\n\t\t<\/div> <!-- \/.row -->\n\t<\/div><!-- \/.container -->\n<\/section><!-- \/.Team layout 1  -->\n\t\t\t\t<\/div>\n\t\t\t\t<\/div>\n\t\t\t\t<\/div>\n\t\t<div class=\"elementor-element elementor-element-efe6f4d e-con-full elementor-hidden-desktop elementor-hidden-tablet elementor-hidden-mobile e-flex e-con e-parent\" data-id=\"efe6f4d\" data-element_type=\"container\">\n\t\t\t\t<div class=\"elementor-element elementor-element-90da670 elementor-widget elementor-widget-team-layout-2\" data-id=\"90da670\" data-element_type=\"widget\" data-widget_type=\"team-layout-2.default\">\n\t\t\t\t<div class=\"elementor-widget-container\">\n\t\t\t\t\t\n<section class=\"team-layout2 text-center pt-0 pb-30\">\n\t<div class=\"container\">\n\t\t<div class=\"row\">\n\n\t\t\t\n\t\t\t\t\t<div class=\"col-sm-6 col-md-6 col-lg-3\">\n\t\t\t\t\t\t<div class=\"member\">\n\t\t\t\t\t\t\t<div class=\"member-img\" >\n\t\t\t\t\t\t\t\t<a href=\"#\" >\n\n\t\t\t\t\t\t\t\t\t<img decoding=\"async\" width=\"400\" height=\"510\" src=\"https:\/\/innocellclinic.com\/wp-content\/uploads\/2024\/03\/demo-team-4.jpg\" class=\"attachment-full size-full\" alt=\"member img\" srcset=\"https:\/\/innocellclinic.com\/wp-content\/uploads\/2024\/03\/demo-team-4.jpg 400w, https:\/\/innocellclinic.com\/wp-content\/uploads\/2024\/03\/demo-team-4-235x300.jpg 235w\" sizes=\"(max-width: 400px) 100vw, 400px\" \/>\n\t\t\t\t\t\t\t\t<\/a>\n\t\t\t\t\t\t\t<\/div><!-- \/.member-img -->\n\t\t\t\t\t\t\t<div class=\"member-info\">\n\t\t\t\t\t\t\t\t<ul class=\"social-icons justify-content-center list-unstyled\">\n\n\t\t\t\t\t\t\t\t\t\t\t\t\t\t\t\t\t\t\t<li>\n\t\t\t\t\t\t\t\t\t\t\t<a href=\"https:\/\/google.com\" target=\"_blank\">\n\t\t\t\t\t\t\t\t\t\t\t\t<i class=\"social-icon icon-facebook\"><\/i>\n\t\t\t\t\t\t\t\t\t\t\t<\/a>\n\t\t\t\t\t\t\t\t\t\t<\/li>\n\t\t\t\t\t\t\t\t\t\t\t\t\t\t\t\t\t\t\t\t\t\t\t\t\t\t\t\t<li>\n\t\t\t\t\t\t\t\t\t\t\t<a href=\"https:\/\/google.com\" target=\"_blank\">\n\t\t\t\t\t\t\t\t\t\t\t\t<i class=\"social-icon icon-twitter\"><\/i>\n\t\t\t\t\t\t\t\t\t\t\t<\/a>\n\t\t\t\t\t\t\t\t\t\t<\/li>\n\t\t\t\t\t\t\t\t\t\t\t\t\t\t\t\t\t\t\t\t\t\t\t\t\t\t\t\t<li>\n\t\t\t\t\t\t\t\t\t\t\t<a href=\"https:\/\/google.com\" target=\"_blank\">\n\t\t\t\t\t\t\t\t\t\t\t\t<i class=\"social-icon icon-linkedin\"><\/i>\n\t\t\t\t\t\t\t\t\t\t\t<\/a>\n\t\t\t\t\t\t\t\t\t\t<\/li>\n\t\t\t\t\t\t\t\t\t\n\t\t\t\t\t\t\t\t<\/ul>\n\n\t\t\t\t\t\t\t\t\t\t\t\t\t\t\t\t\t<a  href=\"#\" >\n\t\t\t\t\t\t\t\t\n\t\t\t\t\t\t\t\t<h5 class=\"member-name\">Richard Muldoone<\/h5>\t\t\t\t\t\t\t\t<p class=\"member-desc\">Legal Officer<\/p>\n\t\t\t\t\t\t\t\t\t\t\t\t\t\t\t\t\t<\/a>\n\t\t\t\t\t\t\t\t\n\t\t\t\t\t\t\t<\/div><!-- \/.member-info -->\n\t\t\t\t\t\t<\/div><!-- \/.member -->\n\t\t\t\t\t<\/div><!-- \/.col-lg-3 -->\n\n\t\t\t\t\n\t\t\t\t\t<div class=\"col-sm-6 col-md-6 col-lg-3\">\n\t\t\t\t\t\t<div class=\"member\">\n\t\t\t\t\t\t\t<div class=\"member-img\" >\n\t\t\t\t\t\t\t\t<a href=\"#\" >\n\n\t\t\t\t\t\t\t\t\t<img decoding=\"async\" width=\"400\" height=\"510\" src=\"https:\/\/innocellclinic.com\/wp-content\/uploads\/2024\/03\/demo-team-5.jpg\" class=\"attachment-full size-full\" alt=\"member img\" srcset=\"https:\/\/innocellclinic.com\/wp-content\/uploads\/2024\/03\/demo-team-5.jpg 400w, https:\/\/innocellclinic.com\/wp-content\/uploads\/2024\/03\/demo-team-5-235x300.jpg 235w\" sizes=\"(max-width: 400px) 100vw, 400px\" \/>\n\t\t\t\t\t\t\t\t<\/a>\n\t\t\t\t\t\t\t<\/div><!-- \/.member-img -->\n\t\t\t\t\t\t\t<div class=\"member-info\">\n\t\t\t\t\t\t\t\t<ul class=\"social-icons justify-content-center list-unstyled\">\n\n\t\t\t\t\t\t\t\t\t\t\t\t\t\t\t\t\t\t\t<li>\n\t\t\t\t\t\t\t\t\t\t\t<a href=\"https:\/\/google.com\" target=\"_blank\">\n\t\t\t\t\t\t\t\t\t\t\t\t<i class=\"social-icon icon-facebook\"><\/i>\n\t\t\t\t\t\t\t\t\t\t\t<\/a>\n\t\t\t\t\t\t\t\t\t\t<\/li>\n\t\t\t\t\t\t\t\t\t\t\t\t\t\t\t\t\t\t\t\t\t\t\t\t\t\t\t\t<li>\n\t\t\t\t\t\t\t\t\t\t\t<a href=\"https:\/\/google.com\" target=\"_blank\">\n\t\t\t\t\t\t\t\t\t\t\t\t<i class=\"social-icon icon-twitter\"><\/i>\n\t\t\t\t\t\t\t\t\t\t\t<\/a>\n\t\t\t\t\t\t\t\t\t\t<\/li>\n\t\t\t\t\t\t\t\t\t\t\t\t\t\t\t\t\t\t\t\t\t\t\t\t\t\t\t\t<li>\n\t\t\t\t\t\t\t\t\t\t\t<a href=\"https:\/\/google.com\" target=\"_blank\">\n\t\t\t\t\t\t\t\t\t\t\t\t<i class=\"social-icon icon-linkedin\"><\/i>\n\t\t\t\t\t\t\t\t\t\t\t<\/a>\n\t\t\t\t\t\t\t\t\t\t<\/li>\n\t\t\t\t\t\t\t\t\t\n\t\t\t\t\t\t\t\t<\/ul>\n\n\t\t\t\t\t\t\t\t\t\t\t\t\t\t\t\t\t<a  href=\"#\" >\n\t\t\t\t\t\t\t\t\n\t\t\t\t\t\t\t\t<h5 class=\"member-name\">Maria Andaloro<\/h5>\t\t\t\t\t\t\t\t<p class=\"member-desc\">HR Officer<\/p>\n\t\t\t\t\t\t\t\t\t\t\t\t\t\t\t\t\t<\/a>\n\t\t\t\t\t\t\t\t\n\t\t\t\t\t\t\t<\/div><!-- \/.member-info -->\n\t\t\t\t\t\t<\/div><!-- \/.member -->\n\t\t\t\t\t<\/div><!-- \/.col-lg-3 -->\n\n\t\t\t\t\n\t\t\t\t\t<div class=\"col-sm-6 col-md-6 col-lg-3\">\n\t\t\t\t\t\t<div class=\"member\">\n\t\t\t\t\t\t\t<div class=\"member-img\" >\n\t\t\t\t\t\t\t\t<a href=\"#\" >\n\n\t\t\t\t\t\t\t\t\t<img loading=\"lazy\" decoding=\"async\" width=\"400\" height=\"510\" src=\"https:\/\/innocellclinic.com\/wp-content\/uploads\/2024\/03\/demo-team-6.jpg\" class=\"attachment-full size-full\" alt=\"member img\" srcset=\"https:\/\/innocellclinic.com\/wp-content\/uploads\/2024\/03\/demo-team-6.jpg 400w, https:\/\/innocellclinic.com\/wp-content\/uploads\/2024\/03\/demo-team-6-235x300.jpg 235w\" sizes=\"(max-width: 400px) 100vw, 400px\" \/>\n\t\t\t\t\t\t\t\t<\/a>\n\t\t\t\t\t\t\t<\/div><!-- \/.member-img -->\n\t\t\t\t\t\t\t<div class=\"member-info\">\n\t\t\t\t\t\t\t\t<ul class=\"social-icons justify-content-center list-unstyled\">\n\n\t\t\t\t\t\t\t\t\t\t\t\t\t\t\t\t\t\t\t<li>\n\t\t\t\t\t\t\t\t\t\t\t<a href=\"https:\/\/google.com\" target=\"_blank\">\n\t\t\t\t\t\t\t\t\t\t\t\t<i class=\"social-icon icon-facebook\"><\/i>\n\t\t\t\t\t\t\t\t\t\t\t<\/a>\n\t\t\t\t\t\t\t\t\t\t<\/li>\n\t\t\t\t\t\t\t\t\t\t\t\t\t\t\t\t\t\t\t\t\t\t\t\t\t\t\t\t<li>\n\t\t\t\t\t\t\t\t\t\t\t<a href=\"https:\/\/google.com\" target=\"_blank\">\n\t\t\t\t\t\t\t\t\t\t\t\t<i class=\"social-icon icon-twitter\"><\/i>\n\t\t\t\t\t\t\t\t\t\t\t<\/a>\n\t\t\t\t\t\t\t\t\t\t<\/li>\n\t\t\t\t\t\t\t\t\t\t\t\t\t\t\t\t\t\t\t\t\t\t\t\t\t\t\t\t<li>\n\t\t\t\t\t\t\t\t\t\t\t<a href=\"https:\/\/google.com\" target=\"_blank\">\n\t\t\t\t\t\t\t\t\t\t\t\t<i class=\"social-icon icon-linkedin\"><\/i>\n\t\t\t\t\t\t\t\t\t\t\t<\/a>\n\t\t\t\t\t\t\t\t\t\t<\/li>\n\t\t\t\t\t\t\t\t\t\n\t\t\t\t\t\t\t\t<\/ul>\n\n\t\t\t\t\t\t\t\t\t\t\t\t\t\t\t\t\t<a  href=\"#\" >\n\t\t\t\t\t\t\t\t\n\t\t\t\t\t\t\t\t<h5 class=\"member-name\">Marian Chris<\/h5>\t\t\t\t\t\t\t\t<p class=\"member-desc\">Global Sales<\/p>\n\t\t\t\t\t\t\t\t\t\t\t\t\t\t\t\t\t<\/a>\n\t\t\t\t\t\t\t\t\n\t\t\t\t\t\t\t<\/div><!-- \/.member-info -->\n\t\t\t\t\t\t<\/div><!-- \/.member -->\n\t\t\t\t\t<\/div><!-- \/.col-lg-3 -->\n\n\t\t\t\t\n\t\t\t\t\t<div class=\"col-sm-6 col-md-6 col-lg-3\">\n\t\t\t\t\t\t<div class=\"member\">\n\t\t\t\t\t\t\t<div class=\"member-img\" >\n\t\t\t\t\t\t\t\t<a href=\"#\" >\n\n\t\t\t\t\t\t\t\t\t<img loading=\"lazy\" decoding=\"async\" width=\"400\" height=\"510\" src=\"https:\/\/innocellclinic.com\/wp-content\/uploads\/2024\/03\/demo-team-7.jpg\" class=\"attachment-full size-full\" alt=\"member img\" srcset=\"https:\/\/innocellclinic.com\/wp-content\/uploads\/2024\/03\/demo-team-7.jpg 400w, https:\/\/innocellclinic.com\/wp-content\/uploads\/2024\/03\/demo-team-7-235x300.jpg 235w\" sizes=\"(max-width: 400px) 100vw, 400px\" \/>\n\t\t\t\t\t\t\t\t<\/a>\n\t\t\t\t\t\t\t<\/div><!-- \/.member-img -->\n\t\t\t\t\t\t\t<div class=\"member-info\">\n\t\t\t\t\t\t\t\t<ul class=\"social-icons justify-content-center list-unstyled\">\n\n\t\t\t\t\t\t\t\t\t\t\t\t\t\t\t\t\t\t\t<li>\n\t\t\t\t\t\t\t\t\t\t\t<a href=\"https:\/\/google.com\" target=\"_blank\">\n\t\t\t\t\t\t\t\t\t\t\t\t<i class=\"social-icon icon-facebook\"><\/i>\n\t\t\t\t\t\t\t\t\t\t\t<\/a>\n\t\t\t\t\t\t\t\t\t\t<\/li>\n\t\t\t\t\t\t\t\t\t\t\t\t\t\t\t\t\t\t\t\t\t\t\t\t\t\t\t\t<li>\n\t\t\t\t\t\t\t\t\t\t\t<a href=\"https:\/\/google.com\" target=\"_blank\">\n\t\t\t\t\t\t\t\t\t\t\t\t<i class=\"social-icon icon-twitter\"><\/i>\n\t\t\t\t\t\t\t\t\t\t\t<\/a>\n\t\t\t\t\t\t\t\t\t\t<\/li>\n\t\t\t\t\t\t\t\t\t\t\t\t\t\t\t\t\t\t\t\t\t\t\t\t\t\t\t\t<li>\n\t\t\t\t\t\t\t\t\t\t\t<a href=\"https:\/\/google.com\" target=\"_blank\">\n\t\t\t\t\t\t\t\t\t\t\t\t<i class=\"social-icon icon-linkedin\"><\/i>\n\t\t\t\t\t\t\t\t\t\t\t<\/a>\n\t\t\t\t\t\t\t\t\t\t<\/li>\n\t\t\t\t\t\t\t\t\t\n\t\t\t\t\t\t\t\t<\/ul>\n\n\t\t\t\t\t\t\t\t\t\t\t\t\t\t\t\t\t<a  href=\"#\" >\n\t\t\t\t\t\t\t\t\n\t\t\t\t\t\t\t\t<h5 class=\"member-name\">Jack Mudson<\/h5>\t\t\t\t\t\t\t\t<p class=\"member-desc\">Manager<\/p>\n\t\t\t\t\t\t\t\t\t\t\t\t\t\t\t\t\t<\/a>\n\t\t\t\t\t\t\t\t\n\t\t\t\t\t\t\t<\/div><!-- \/.member-info -->\n\t\t\t\t\t\t<\/div><!-- \/.member -->\n\t\t\t\t\t<\/div><!-- \/.col-lg-3 -->\n\n\t\t\t\t\n\t\t<\/div> <!-- \/.row -->\n\t<\/div><!-- \/.container -->\n<\/section><!-- \/.Team layout 2  -->\n\t\t\t\t<\/div>\n\t\t\t\t<\/div>\n\t\t\t\t<\/div>\n\t\t\t\t<\/div>\n\t\t","protected":false},"excerpt":{"rendered":"<p>Munkat\u00e1rsaink Az InnoCell csapat\u00e1nak tagjai \u00e9vtizedes tapasztalattal rendelkeznek az eg\u00e9szs\u00e9g\u00fcgy, a gy\u00f3gyszeripar \u00e9s az \u0151ssejtkutat\u00e1s ter\u00e9n. A min\u0151s\u00e9get szakmai publik\u00e1ci\u00f3ik, kutat\u00e1si h\u00e1tter\u00fck, mintaoltalmi \u00e9s szabadalmi beadv\u00e1nyaik garant\u00e1lj\u00e1k. F\u0151oldal Dr. K\u00f6vesd Zsuzsanna, MD Tulajdonos, \u00fcgyvezet\u0151 igazgat\u00f3 Dr. Szentiv\u00e1nyi M\u00e1ty\u00e1s, MD,PhD Operat\u00edv igazgat\u00f3 Dr. Forg\u00e1cs G\u00e1bor, MD, PhD Vezet\u0151 strat\u00e9giai \u00e9s \u00e9rt\u00e9kes\u00edt\u00e9si tan\u00e1csad\u00f3 Dr. Erdei Zsuzsa, PhD [&hellip;]<\/p>\n","protected":false},"author":1,"featured_media":0,"parent":13,"menu_order":0,"comment_status":"closed","ping_status":"closed","template":"","meta":{"footnotes":""},"class_list":["post-185","page","type-page","status-publish","hentry"],"_links":{"self":[{"href":"https:\/\/innocellclinic.com\/hu\/wp-json\/wp\/v2\/pages\/185","targetHints":{"allow":["GET"]}}],"collection":[{"href":"https:\/\/innocellclinic.com\/hu\/wp-json\/wp\/v2\/pages"}],"about":[{"href":"https:\/\/innocellclinic.com\/hu\/wp-json\/wp\/v2\/types\/page"}],"author":[{"embeddable":true,"href":"https:\/\/innocellclinic.com\/hu\/wp-json\/wp\/v2\/users\/1"}],"replies":[{"embeddable":true,"href":"https:\/\/innocellclinic.com\/hu\/wp-json\/wp\/v2\/comments?post=185"}],"version-history":[{"count":49,"href":"https:\/\/innocellclinic.com\/hu\/wp-json\/wp\/v2\/pages\/185\/revisions"}],"predecessor-version":[{"id":1210,"href":"https:\/\/innocellclinic.com\/hu\/wp-json\/wp\/v2\/pages\/185\/revisions\/1210"}],"up":[{"embeddable":true,"href":"https:\/\/innocellclinic.com\/hu\/wp-json\/wp\/v2\/pages\/13"}],"wp:attachment":[{"href":"https:\/\/innocellclinic.com\/hu\/wp-json\/wp\/v2\/media?parent=185"}],"curies":[{"name":"wp","href":"https:\/\/api.w.org\/{rel}","templated":true}]}}