{"id":15,"date":"2024-02-25T00:06:04","date_gmt":"2024-02-24T23:06:04","guid":{"rendered":"http:\/\/kelen-kutatas.test\/?page_id=15"},"modified":"2025-02-18T10:32:49","modified_gmt":"2025-02-18T09:32:49","slug":"szolgaltatasaink","status":"publish","type":"page","link":"https:\/\/innocellclinic.com\/hu\/szolgaltatasaink\/","title":{"rendered":"Szolg\u00e1ltat\u00e1saink"},"content":{"rendered":"\t\t<div data-elementor-type=\"wp-page\" data-elementor-id=\"15\" class=\"elementor elementor-15\">\n\t\t\t\t<div class=\"elementor-element elementor-element-a68f366 e-con-full e-flex e-con e-parent\" data-id=\"a68f366\" data-element_type=\"container\">\n\t\t\t\t<div class=\"elementor-element elementor-element-37469bb elementor-widget elementor-widget-pageTitle\" data-id=\"37469bb\" data-element_type=\"widget\" data-widget_type=\"pageTitle.default\">\n\t\t\t\t<div class=\"elementor-widget-container\">\n\t\t\t\t\t\n<section class=\"page-title-layout1 page-title-light text-center bg-overlay bg-parallax\">\n\n\t<div class=\"bg-img\"><img fetchpriority=\"high\" decoding=\"async\" width=\"2048\" height=\"1340\" src=\"https:\/\/innocellclinic.com\/wp-content\/uploads\/2024\/05\/szolgaltats-Oldal-cim-keppel-kerekitett-2048x1340-png.png\" class=\"\" alt=\"parallax\" srcset=\"https:\/\/innocellclinic.com\/wp-content\/uploads\/2024\/05\/szolgaltats-Oldal-cim-keppel-kerekitett-2048x1340-png.png 2048w, https:\/\/innocellclinic.com\/wp-content\/uploads\/2024\/05\/szolgaltats-Oldal-cim-keppel-kerekitett-2048x1340-png-300x196.png 300w, https:\/\/innocellclinic.com\/wp-content\/uploads\/2024\/05\/szolgaltats-Oldal-cim-keppel-kerekitett-2048x1340-png-1024x670.png 1024w, https:\/\/innocellclinic.com\/wp-content\/uploads\/2024\/05\/szolgaltats-Oldal-cim-keppel-kerekitett-2048x1340-png-768x503.png 768w, https:\/\/innocellclinic.com\/wp-content\/uploads\/2024\/05\/szolgaltats-Oldal-cim-keppel-kerekitett-2048x1340-png-1536x1005.png 1536w\" sizes=\"(max-width: 2048px) 100vw, 2048px\" \/><\/div>\n\t<div class=\"container\">\n\t\t<div class=\"row\">\n\t\t\t<div class=\"col-12 col-xl-6 offset-xl-3\">\n\t\t\t\t<h1 class=\"pagetitle-heading\">Szolg\u00e1ltat\u00e1saink<\/h1>\n\n\t\t\t\t\t\t\t\t\t<p class=\"pagetitle-desc\">\n\t\t\t\t\t\tSzolg\u00e1ltat\u00e1sainkat \u00fagy \u00e1ll\u00edtottuk \u00f6ssze, hogy azok hat\u00e9konyan tudj\u00e1k t\u00e1mogatni a gy\u00f3gyszeripari \u00e9s kozmetikai ipari kutat\u00e1sokat. \nInnovat\u00edv megold\u00e1sainkkal nagyban hozz\u00e1j\u00e1rulunk a gy\u00f3gyszerfejleszt\u00e9sek fenntarthat\u00f3, modern \u00e9s hat\u00e9kony fejl\u0151d\u00e9s\u00e9hez.\t\t\t\t\t<\/p>\n\t\t\t\t\n\t\t\t\t<div class=\"d-flex flex-wrap align-items-center justify-content-center\">\n\n\t\t\t\t\t\n\t\t\t\t\t\n\t\t\t\t<\/div>\n\n\t\t\t\t<nav><ol class=\"breadcrumb d-flex justify-content-center mb-0 mt-80\"><li class=\"breadcrumb-item\"><a href=\"https:\/\/innocellclinic.com\/hu\/\">F\u0151oldal<\/a><\/li><\/ol><\/nav>\n\t\t\t<\/div><!-- \/.col-xl-6 -->\n\t\t<\/div><!-- \/.row -->\n\t<\/div><!-- \/.container -->\n\t<a class=\"home-nav\" href=\"https:\/\/innocellclinic.com\/hu\/\">\n\t\t<i class=\"icon-home\"><\/i>\n\t<\/a>\n\t<div class=\"curve-top-shape\">\n\t\t<svg class=\"curve-svg\" xmlns=\"http:\/\/www.w3.org\/2000\/svg\" viewBox=\"0 0 1000 100\" preserveAspectRatio=\"none\">\n\t\t\t<path class=\"curve-path\" d=\"M1000,4.3V0H0v4.3C0.9,23.1,126.7,99.2,500,100S1000,22.7,1000,4.3z\"><\/path>\n\t\t<\/svg>\n\t<\/div><!-- \/.curve -->\n<\/section><!-- \/.page-title -->\n\t\t\t\t<\/div>\n\t\t\t\t<\/div>\n\t\t\t\t<\/div>\n\t\t<div class=\"elementor-element elementor-element-205d6f2 e-flex e-con-boxed e-con e-parent\" data-id=\"205d6f2\" data-element_type=\"container\" data-settings=\"{&quot;background_background&quot;:&quot;classic&quot;}\">\n\t\t\t\t\t<div class=\"e-con-inner\">\n\t\t\t\t<div class=\"elementor-element elementor-element-060a8f4 elementor-hidden-tablet elementor-hidden-mobile elementor-widget elementor-widget-services-layout-3\" data-id=\"060a8f4\" data-element_type=\"widget\" data-widget_type=\"services-layout-3.default\">\n\t\t\t\t<div class=\"elementor-widget-container\">\n\t\t\t\t\t\n<section class=\"services-layout3 pt-130 pb-100\">\n\t<div class=\"container\">\n\t\t<div class=\"row\">\n\t\t\t<div class=\"col-12 col-xl-6 offset-xl-3\">\n\t\t\t\t<div class=\"heading-layout2 text-center mb-50\">\n\n\t\t\t\t\t\n\t\t\t\t\t\n\t\t\t\t<\/div>\n\t\t\t<\/div><!-- \/.col-lg-6 -->\n\t\t<\/div><!-- \/.row -->\n\t\t<div class=\"row\">\n\n\t\t\t\n\t\t\t\t\t<div class=\"col-sm-6 col-md-6 col-lg-4\">\n\t\t\t\t\t\t<div class=\"service-item\">\n\t\t\t\t\t\t\t<div class=\"service-body\">\n\t\t\t\t\t\t\t\t<div class=\"d-flex align-items-center justify-content-between\">\n\n\t\t\t\t\t\t\t\t\t<h4 class=\"service-title\">GLP labor szolg\u00e1ltat\u00e1sok<\/h4>\n\t\t\t\t\t\t\t\t\t\t\t\t\t\t\t\t\t\t\t<div class=\"service-icon\">\n\t\t\t\t\t\t\t\t\t\t\t<i class=\"icon-laboratory\"><\/i>\n\t\t\t\t\t\t\t\t\t\t<\/div>\n\t\t\t\t\t\t\t\t\t\n\t\t\t\t\t\t\t\t<\/div>\n\n\t\t\t\t\t\t\t\t<p class=\"service-desc\">Megb\u00edzhat\u00f3 GLP laborat\u00f3riumi tesztel\u00e9st k\u00edn\u00e1lunk hum\u00e1n sejtalap\u00fa 2D \u00e9s 3D tesztrendszereken az orvostechnikai eszk\u00f6z\u00f6ket fejleszt\u0151 \u00e9s gy\u00e1rt\u00f3 c\u00e9gek, valamint a gy\u00f3gyszeripar \u00e9s a kozmetikai ipar sz\u00e1m\u00e1ra, a hat\u00f3s\u00e1gi elv\u00e1r\u00e1soknak megfelel\u0151en!<br \/>\n<\/p>\n\t\t\t\t\t\t\t\t\n\t\t\t\t\t\t\t\t\n\t\t\t<a class=\"btn btn-secondary\"  href=\"https:\/\/innocellclinic.com\/szolgaltatasaink\/glp-laborszolgaltatasok\/\">\n\t\t\t\t<i class=\"icon-basic-arrow-right2 mr-10\"><\/i>\n\t\t\t\t<span>R\u00c9SZLETEK<\/span>\n\t\t\t<\/a>\n\t\t\n\t\t\t\t\t\t\t<\/div><!-- \/.service-body -->\n\t\t\t\t\t\t\t<div class=\"service-shape\">\n\t\t\t\t\t\t\t\t<span class=\"hexagon-clippath\"><\/span><span class=\"hexagon-clippath2\"><\/span>\n\t\t\t\t\t\t\t<\/div>\n\t\t\t\t\t\t<\/div><!-- \/.service-item -->\n\t\t\t\t\t<\/div><!-- \/.col-lg-4 -->\n\n\t\t\t\t\n\t\t\t\t\t<div class=\"col-sm-6 col-md-6 col-lg-4\">\n\t\t\t\t\t\t<div class=\"service-item\">\n\t\t\t\t\t\t\t<div class=\"service-body\">\n\t\t\t\t\t\t\t\t<div class=\"d-flex align-items-center justify-content-between\">\n\n\t\t\t\t\t\t\t\t\t<h4 class=\"service-title\">In vitro hum\u00e1n \u0151ssejt-alap\u00fa 3D tesztrendszerek<\/h4>\n\t\t\t\t\t\t\t\t\t\t\t\t\t\t\t\t\t\t\t<div class=\"service-icon\">\n\t\t\t\t\t\t\t\t\t\t\t<i class=\"icon-test\"><\/i>\n\t\t\t\t\t\t\t\t\t\t<\/div>\n\t\t\t\t\t\t\t\t\t\n\t\t\t\t\t\t\t\t<\/div>\n\n\t\t\t\t\t\t\t\t<p class=\"service-desc\">Az iPS sejtekb\u0151l a megfelel\u0151 m\u00f3dszerekkel biztons\u00e1gosan, nagymennyis\u00e9gben, egyenletes min\u0151s\u00e9gben h\u00e1romdimenzi\u00f3s strukt\u00far\u00e1kat \u00e1ll\u00edtunk el\u0151, amelyek megfelelnek a biotechnol\u00f3giai \u00e9s gy\u00f3gyszerfejleszt\u00e9si vizsg\u00e1latokn\u00e1l el\u0151\u00edrt k\u00f6vetelm\u00e9nyeknek.<\/p>\n\t\t\t\t\t\t\t\t\n\t\t\t\t\t\t\t\t\n\t\t\t<a class=\"btn btn-secondary\"  href=\"https:\/\/innocellclinic.com\/szolgaltatasaink\/in-vitro-tesztek\/\">\n\t\t\t\t<i class=\"icon-basic-arrow-right2 mr-10\"><\/i>\n\t\t\t\t<span>R\u00c9SZLETEK<\/span>\n\t\t\t<\/a>\n\t\t\n\t\t\t\t\t\t\t<\/div><!-- \/.service-body -->\n\t\t\t\t\t\t\t<div class=\"service-shape\">\n\t\t\t\t\t\t\t\t<span class=\"hexagon-clippath\"><\/span><span class=\"hexagon-clippath2\"><\/span>\n\t\t\t\t\t\t\t<\/div>\n\t\t\t\t\t\t<\/div><!-- \/.service-item -->\n\t\t\t\t\t<\/div><!-- \/.col-lg-4 -->\n\n\t\t\t\t\n\t\t<\/div><!-- \/.row -->\n\n\t\t\t<\/div><!-- \/.container -->\n<\/section><!-- \/.Services Layout 3 -->\n\t\t\t\t<\/div>\n\t\t\t\t<\/div>\n\t\t\t\t<div class=\"elementor-element elementor-element-f84c907 elementor-hidden-desktop elementor-widget elementor-widget-services-layout-3\" data-id=\"f84c907\" data-element_type=\"widget\" data-widget_type=\"services-layout-3.default\">\n\t\t\t\t<div class=\"elementor-widget-container\">\n\t\t\t\t\t\n<section class=\"services-layout3 pt-130 pb-100\">\n\t<div class=\"container\">\n\t\t<div class=\"row\">\n\t\t\t<div class=\"col-12 col-xl-6 offset-xl-3\">\n\t\t\t\t<div class=\"heading-layout2 text-center mb-50\">\n\n\t\t\t\t\t\n\t\t\t\t\t\n\t\t\t\t<\/div>\n\t\t\t<\/div><!-- \/.col-lg-6 -->\n\t\t<\/div><!-- \/.row -->\n\t\t<div class=\"row\">\n\n\t\t\t\n\t\t\t\t\t<div class=\"col-sm-6 col-md-6 col-lg-4\">\n\t\t\t\t\t\t<div class=\"service-item\">\n\t\t\t\t\t\t\t<div class=\"service-body\">\n\t\t\t\t\t\t\t\t<div class=\"d-flex align-items-center justify-content-between\">\n\n\t\t\t\t\t\t\t\t\t<h4 class=\"service-title\">GLP labor szolg\u00e1ltat\u00e1sok<\/h4>\n\t\t\t\t\t\t\t\t\t\t\t\t\t\t\t\t\t\t\t<div class=\"service-icon\">\n\t\t\t\t\t\t\t\t\t\t\t<i class=\"icon-laboratory\"><\/i>\n\t\t\t\t\t\t\t\t\t\t<\/div>\n\t\t\t\t\t\t\t\t\t\n\t\t\t\t\t\t\t\t<\/div>\n\n\t\t\t\t\t\t\t\t<p class=\"service-desc\">Megb\u00edzhat\u00f3 GLP laborat\u00f3riumi tesztel\u00e9st k\u00edn\u00e1lunk hum\u00e1n sejtalap\u00fa 2D \u00e9s 3D tesztrendszereken az orvostechnikai eszk\u00f6z\u00f6ket fejleszt\u0151 \u00e9s gy\u00e1rt\u00f3 c\u00e9gek, valamint a gy\u00f3gyszeripar \u00e9s a kozmetikai ipar sz\u00e1m\u00e1ra, a hat\u00f3s\u00e1gi elv\u00e1r\u00e1soknak megfelel\u0151en!<br \/>\n<\/p>\n\t\t\t\t\t\t\t\t\n\t\t\t\t\t\t\t\t\n\t\t\t<a class=\"btn btn-secondary\"  href=\"https:\/\/innocellclinic.com\/szolgaltatasaink\/glp-laborszolgaltatasok\/\">\n\t\t\t\t<i class=\"icon-basic-arrow-right2 mr-10\"><\/i>\n\t\t\t\t<span>R\u00e9szletek<\/span>\n\t\t\t<\/a>\n\t\t\n\t\t\t\t\t\t\t<\/div><!-- \/.service-body -->\n\t\t\t\t\t\t\t<div class=\"service-shape\">\n\t\t\t\t\t\t\t\t<span class=\"hexagon-clippath\"><\/span><span class=\"hexagon-clippath2\"><\/span>\n\t\t\t\t\t\t\t<\/div>\n\t\t\t\t\t\t<\/div><!-- \/.service-item -->\n\t\t\t\t\t<\/div><!-- \/.col-lg-4 -->\n\n\t\t\t\t\n\t\t\t\t\t<div class=\"col-sm-6 col-md-6 col-lg-4\">\n\t\t\t\t\t\t<div class=\"service-item\">\n\t\t\t\t\t\t\t<div class=\"service-body\">\n\t\t\t\t\t\t\t\t<div class=\"d-flex align-items-center justify-content-between\">\n\n\t\t\t\t\t\t\t\t\t<h4 class=\"service-title\">In vitro hum\u00e1n \u0151ssejt-alap\u00fa 3D tesztrendszerek<\/h4>\n\t\t\t\t\t\t\t\t\t\t\t\t\t\t\t\t\t\t\t<div class=\"service-icon\">\n\t\t\t\t\t\t\t\t\t\t\t<i class=\"icon-test\"><\/i>\n\t\t\t\t\t\t\t\t\t\t<\/div>\n\t\t\t\t\t\t\t\t\t\n\t\t\t\t\t\t\t\t<\/div>\n\n\t\t\t\t\t\t\t\t<p class=\"service-desc\">Az iPS sejtekb\u0151l a megfelel\u0151 m\u00f3dszerekkel biztons\u00e1gosan, nagymennyis\u00e9gben, egyenletes min\u0151s\u00e9gben h\u00e1romdimenzi\u00f3s strukt\u00far\u00e1kat \u00e1ll\u00edtunk el\u0151, amelyek megfelelnek a biotechnol\u00f3giai \u00e9s gy\u00f3gyszerfejleszt\u00e9si vizsg\u00e1latokn\u00e1l el\u0151\u00edrt k\u00f6vetelm\u00e9nyeknek.<\/p>\n\t\t\t\t\t\t\t\t\n\t\t\t\t\t\t\t\t\n\t\t\t<a class=\"btn btn-secondary\"  href=\"https:\/\/innocellclinic.com\/szolgaltatasaink\/in-vitro-tesztek\/\">\n\t\t\t\t<i class=\"icon-basic-arrow-right2 mr-10\"><\/i>\n\t\t\t\t<span>R\u00e9szletek<\/span>\n\t\t\t<\/a>\n\t\t\n\t\t\t\t\t\t\t<\/div><!-- \/.service-body -->\n\t\t\t\t\t\t\t<div class=\"service-shape\">\n\t\t\t\t\t\t\t\t<span class=\"hexagon-clippath\"><\/span><span class=\"hexagon-clippath2\"><\/span>\n\t\t\t\t\t\t\t<\/div>\n\t\t\t\t\t\t<\/div><!-- \/.service-item -->\n\t\t\t\t\t<\/div><!-- \/.col-lg-4 -->\n\n\t\t\t\t\n\t\t<\/div><!-- \/.row -->\n\n\t\t\t<\/div><!-- \/.container -->\n<\/section><!-- \/.Services Layout 3 -->\n\t\t\t\t<\/div>\n\t\t\t\t<\/div>\n\t\t\t\t\t<\/div>\n\t\t\t\t<\/div>\n\t\t<div class=\"elementor-element elementor-element-a64c969 e-con-full elementor-hidden-desktop elementor-hidden-tablet elementor-hidden-mobile e-flex e-con e-parent\" data-id=\"a64c969\" data-element_type=\"container\">\n\t\t\t\t<div class=\"elementor-element elementor-element-c68ab1d elementor-widget elementor-widget-work-process\" data-id=\"c68ab1d\" data-element_type=\"widget\" data-widget_type=\"work-process.default\">\n\t\t\t\t<div class=\"elementor-widget-container\">\n\t\t\t\t\t\n<section class=\"work-process bg-overlay bg-overlay-primary-gradient bg-parallax pb-0\">\n\n\t<div class=\"bg-img\"><img decoding=\"async\" width=\"2048\" height=\"1340\" src=\"https:\/\/innocellclinic.com\/wp-content\/uploads\/2024\/03\/demo-title-5-2048x1340.jpg\" class=\"\" alt=\"parallax\" \/><\/div>\n\t<div class=\"container\">\n\t\t<div class=\"row heading-light\">\n\t\t\t<div class=\"col-12\">\n\n\t\t\t\t<h2 class=\"heading-subtitle\">Szolg\u00e1ltat\u00e1sainkat \u00fagy \u00e1ll\u00edtottuk \u00f6ssze, hogy azok hat\u00e9konyan tudj\u00e1k t\u00e1mogatni a gy\u00f3gyszeripari \u00e9s kozmetikai ipari kutat\u00e1sokat. <\/h2>\n\t\t\t<\/div><!-- \/.col-12 -->\n\t\t\t<div class=\"col-sm-12 col-md-12 col-lg-6 col-xl-5\">\n\n\t\t\t\t<h3 class=\"heading-title\">Innovat\u00edv megold\u00e1sainkkal nagyban hozz\u00e1j\u00e1rulunk a gy\u00f3gyszerfejleszt\u00e9sek fenntarthat\u00f3, modern \u00e9s hat\u00e9kony fejl\u0151d\u00e9s\u00e9hez.<\/h3>\n\t\t\t<\/div><!-- \/.col-xl-5 -->\n\t\t\t<div class=\"col-sm-12 col-md-12 col-lg-6 col-xl-6 offset-xl-1\">\n\n\t\t\t\t\n\t\t\t\t\n\t\t\t<\/div><!-- \/.col-xl-6 -->\n\t\t<\/div><!-- \/.row -->\n\t\t<div class=\"row\">\n\t\t\t<div class=\"col-sm-12 col-md-12 col-lg-12\">\n\t\t\t\t<div class=\"slick-carousel carousel-container\"\n\t\t\t\t     data-slick='{\"slidesToShow\": 5, \"slidesToScroll\": 1, \"infinite\": false, \"autoplay\":true, \"arrows\": false ,\"dots\": false, \"responsive\": [ {\"breakpoint\": 1200, \"settings\": {\"slidesToShow\": 3}},{\"breakpoint\": 1100, \"settings\": {\"slidesToShow\": 3}},{\"breakpoint\": 992, \"settings\": {\"slidesToShow\": 2}}, {\"breakpoint\": 767, \"settings\": {\"slidesToShow\": 2}}, {\"breakpoint\": 480, \"settings\": {\"slidesToShow\": 1}}]}'>\n\n\t\t\t\t\t\n\t\t\t\t<\/div><!--\/.carousel -->\n\t\t\t<\/div><!-- \/.col-12-->\n\t\t<\/div><!-- \/.row -->\n\t<\/div><!-- \/.container -->\n<\/section><!-- \/.Work Process -->\n\t\t\t\t<\/div>\n\t\t\t\t<\/div>\n\t\t\t\t<\/div>\n\t\t<div class=\"elementor-element elementor-element-ae9e04c e-con-full e-flex e-con e-parent\" data-id=\"ae9e04c\" data-element_type=\"container\">\n\t\t\t\t<div class=\"elementor-element elementor-element-5b43352 elementor-widget elementor-widget-contact-layout-1\" data-id=\"5b43352\" data-element_type=\"widget\" data-widget_type=\"contact-layout-1.default\">\n\t\t\t\t<div class=\"elementor-widget-container\">\n\t\t\t\t\t\n<section class=\"contact-layout1\">\n\t<div class=\"container\">\n\t\t<div class=\"row\">\n\t\t\t<div class=\"col-sm-12 col-md-12 col-lg-7\">\n\t\t\t\t<div class=\"heading-layout2 mb-50\">\n\n\t\t\t\t\t\t\t\t\t\t<h3 class=\"heading-title\">Vegye fel vel\u00fcnk a kapcsolatot!<\/h3>\n\t\t\t\t<\/div>\n\t\t\t<\/div><!-- \/.col-lg-7 -->\n\t\t<\/div><!-- \/.row -->\n\t\t<div class=\"row\">\n\t\t\t<div class=\"col-sm-12 col-md-12 col-lg-4\">\n\t\t\t\t<div class=\"text-block\">\n\n\t\t\t\t\t<p class=\"text-block-desc\">SALUS Kft.<br \/>\n1119 Budapest, Than K\u00e1roly utca 20. <br \/>\nE-mail: info@innocellclinic.com<br \/>\n<\/p>\n\t\t\t\t<\/div>\n\n\t\t\t\t\n\t\t\t<\/div><!-- \/.col-lg-4 -->\n\t\t\t<div class=\"col-sm-12 col-md-12 col-lg-8\">\n\n\t\t\t\t\n<div class=\"wpcf7 no-js\" id=\"wpcf7-f180-o1\" lang=\"hu-HU\" dir=\"ltr\" data-wpcf7-id=\"180\">\n<div class=\"screen-reader-response\"><p role=\"status\" aria-live=\"polite\" aria-atomic=\"true\"><\/p> <ul><\/ul><\/div>\n<form action=\"\/hu\/wp-json\/wp\/v2\/pages\/15#wpcf7-f180-o1\" method=\"post\" class=\"wpcf7-form init\" aria-label=\"Kapcsolatfelv\u00e9teli \u0171rlap\" novalidate=\"novalidate\" data-status=\"init\">\n<fieldset class=\"hidden-fields-container\"><input type=\"hidden\" name=\"_wpcf7\" value=\"180\" \/><input type=\"hidden\" name=\"_wpcf7_version\" value=\"6.1\" \/><input type=\"hidden\" name=\"_wpcf7_locale\" value=\"hu_HU\" \/><input type=\"hidden\" name=\"_wpcf7_unit_tag\" value=\"wpcf7-f180-o1\" \/><input type=\"hidden\" name=\"_wpcf7_container_post\" value=\"0\" \/><input type=\"hidden\" name=\"_wpcf7_posted_data_hash\" value=\"\" \/>\n<\/fieldset>\n<div class=\"row\">\n  <div class=\"col-sm-12 col-md-4 col-lg-4\">\n    <div class=\"form-group\">\n      <span class=\"wpcf7-form-control-wrap\" data-name=\"contact-name\"><input size=\"40\" maxlength=\"400\" class=\"wpcf7-form-control wpcf7-text wpcf7-validates-as-required form-control\" id=\"contact-name\" aria-required=\"true\" aria-invalid=\"false\" placeholder=\"N\u00e9v\" value=\"\" type=\"text\" name=\"contact-name\" \/><\/span>\n    <\/div>\n  <\/div><!-- \/.col-lg-4 -->\n  <div class=\"col-sm-12 col-md-4 col-lg-4\">\n    <div class=\"form-group\">\n      <span class=\"wpcf7-form-control-wrap\" data-name=\"contact-email\"><input size=\"40\" maxlength=\"400\" class=\"wpcf7-form-control wpcf7-email wpcf7-validates-as-required wpcf7-text wpcf7-validates-as-email form-control\" id=\"contact-email\" aria-required=\"true\" aria-invalid=\"false\" placeholder=\"E-mail\" value=\"\" type=\"email\" name=\"contact-email\" \/><\/span>\n    <\/div>\n  <\/div><!-- \/.col-lg-4 -->\n  <div class=\"col-sm-12 col-md-4 col-lg-4\">\n    <div class=\"form-group\">\n      <span class=\"wpcf7-form-control-wrap\" data-name=\"contact-phone\"><input size=\"40\" maxlength=\"400\" class=\"wpcf7-form-control wpcf7-text wpcf7-validates-as-required form-control\" id=\"contact-phone\" aria-required=\"true\" aria-invalid=\"false\" placeholder=\"Telefon\" value=\"\" type=\"text\" name=\"contact-phone\" \/><\/span>\n    <\/div>\n  <\/div><!-- \/.col-lg-4 -->\n  <div class=\"col-12\">\n    <div class=\"form-group\">\n      <span class=\"wpcf7-form-control-wrap\" data-name=\"contact-message\"><textarea cols=\"40\" rows=\"10\" maxlength=\"2000\" class=\"wpcf7-form-control wpcf7-textarea wpcf7-validates-as-required form-control\" id=\"contact-message\" aria-required=\"true\" aria-invalid=\"false\" name=\"contact-message\">\u00dczenet<\/textarea><\/span>\n    <\/div>\n    <button type=\"submit\" class=\"btn btn-primary btn-block btn-xhight mt-10\">\n      <span>K\u00fcld\u00e9s<\/span> <i class=\"icon-arrow-right\"><\/i>\n    <\/button>\n    <div class=\"contact-result\"><\/div>\n  <\/div><!-- \/.col-lg-12 -->\n<\/div><!-- \/.row --><div class=\"wpcf7-response-output\" aria-hidden=\"true\"><\/div>\n<\/form>\n<\/div>\n\n\t\t\t<\/div><!-- \/.col-lg-8 -->\n\t\t<\/div><!-- \/.row -->\n\t<\/div><!-- \/.container -->\n<\/section><!-- \/.contact layout 1 -->\n\t\t\t\t<\/div>\n\t\t\t\t<\/div>\n\t\t\t\t<\/div>\n\t\t\t\t<\/div>\n\t\t","protected":false},"excerpt":{"rendered":"<p>Szolg\u00e1ltat\u00e1saink Szolg\u00e1ltat\u00e1sainkat \u00fagy \u00e1ll\u00edtottuk \u00f6ssze, hogy azok hat\u00e9konyan tudj\u00e1k t\u00e1mogatni a gy\u00f3gyszeripari \u00e9s kozmetikai ipari kutat\u00e1sokat. Innovat\u00edv megold\u00e1sainkkal nagyban hozz\u00e1j\u00e1rulunk a gy\u00f3gyszerfejleszt\u00e9sek fenntarthat\u00f3, modern \u00e9s hat\u00e9kony fejl\u0151d\u00e9s\u00e9hez. F\u0151oldal GLP labor szolg\u00e1ltat\u00e1sok Megb\u00edzhat\u00f3 GLP laborat\u00f3riumi tesztel\u00e9st k\u00edn\u00e1lunk hum\u00e1n sejtalap\u00fa 2D \u00e9s 3D tesztrendszereken az orvostechnikai eszk\u00f6z\u00f6ket fejleszt\u0151 \u00e9s gy\u00e1rt\u00f3 c\u00e9gek, valamint a gy\u00f3gyszeripar \u00e9s a kozmetikai [&hellip;]<\/p>\n","protected":false},"author":1,"featured_media":0,"parent":0,"menu_order":0,"comment_status":"closed","ping_status":"closed","template":"","meta":{"footnotes":""},"class_list":["post-15","page","type-page","status-publish","hentry"],"_links":{"self":[{"href":"https:\/\/innocellclinic.com\/hu\/wp-json\/wp\/v2\/pages\/15","targetHints":{"allow":["GET"]}}],"collection":[{"href":"https:\/\/innocellclinic.com\/hu\/wp-json\/wp\/v2\/pages"}],"about":[{"href":"https:\/\/innocellclinic.com\/hu\/wp-json\/wp\/v2\/types\/page"}],"author":[{"embeddable":true,"href":"https:\/\/innocellclinic.com\/hu\/wp-json\/wp\/v2\/users\/1"}],"replies":[{"embeddable":true,"href":"https:\/\/innocellclinic.com\/hu\/wp-json\/wp\/v2\/comments?post=15"}],"version-history":[{"count":76,"href":"https:\/\/innocellclinic.com\/hu\/wp-json\/wp\/v2\/pages\/15\/revisions"}],"predecessor-version":[{"id":1608,"href":"https:\/\/innocellclinic.com\/hu\/wp-json\/wp\/v2\/pages\/15\/revisions\/1608"}],"wp:attachment":[{"href":"https:\/\/innocellclinic.com\/hu\/wp-json\/wp\/v2\/media?parent=15"}],"curies":[{"name":"wp","href":"https:\/\/api.w.org\/{rel}","templated":true}]}}