{"id":1471,"date":"2024-08-29T18:27:18","date_gmt":"2024-08-29T16:27:18","guid":{"rendered":"https:\/\/innocellclinic.com\/?page_id=1471"},"modified":"2025-03-20T13:07:34","modified_gmt":"2025-03-20T12:07:34","slug":"publikaciok","status":"publish","type":"page","link":"https:\/\/innocellclinic.com\/hu\/publikaciok\/","title":{"rendered":"Publik\u00e1ci\u00f3k"},"content":{"rendered":"\t\t<div data-elementor-type=\"wp-page\" data-elementor-id=\"1471\" class=\"elementor elementor-1471\">\n\t\t\t\t<div class=\"elementor-element elementor-element-b5acf73 e-con-full e-flex e-con e-parent\" data-id=\"b5acf73\" data-element_type=\"container\" data-settings=\"{&quot;background_background&quot;:&quot;classic&quot;}\">\n\t\t<div class=\"elementor-element elementor-element-e74fa89 e-flex e-con-boxed e-con e-child\" data-id=\"e74fa89\" data-element_type=\"container\" data-settings=\"{&quot;background_background&quot;:&quot;classic&quot;}\">\n\t\t\t\t\t<div class=\"e-con-inner\">\n\t\t\t\t<div class=\"elementor-element elementor-element-63d6df1 elementor-widget elementor-widget-spacer\" data-id=\"63d6df1\" data-element_type=\"widget\" data-widget_type=\"spacer.default\">\n\t\t\t\t<div class=\"elementor-widget-container\">\n\t\t\t\t\t\t\t<div class=\"elementor-spacer\">\n\t\t\t<div class=\"elementor-spacer-inner\"><\/div>\n\t\t<\/div>\n\t\t\t\t\t\t<\/div>\n\t\t\t\t<\/div>\n\t\t\t\t<div class=\"elementor-element elementor-element-79c2337 elementor-widget elementor-widget-heading\" data-id=\"79c2337\" data-element_type=\"widget\" data-widget_type=\"heading.default\">\n\t\t\t\t<div class=\"elementor-widget-container\">\n\t\t\t\t\t<h2 class=\"elementor-heading-title elementor-size-default\">Publik\u00e1ci\u00f3k<\/h2>\t\t\t\t<\/div>\n\t\t\t\t<\/div>\n\t\t\t\t<div class=\"elementor-element elementor-element-f34a0fa elementor-widget elementor-widget-spacer\" data-id=\"f34a0fa\" data-element_type=\"widget\" data-widget_type=\"spacer.default\">\n\t\t\t\t<div class=\"elementor-widget-container\">\n\t\t\t\t\t\t\t<div class=\"elementor-spacer\">\n\t\t\t<div class=\"elementor-spacer-inner\"><\/div>\n\t\t<\/div>\n\t\t\t\t\t\t<\/div>\n\t\t\t\t<\/div>\n\t\t\t\t<div class=\"elementor-element elementor-element-cbc180c elementor-widget elementor-widget-text-editor\" data-id=\"cbc180c\" data-element_type=\"widget\" data-widget_type=\"text-editor.default\">\n\t\t\t\t<div class=\"elementor-widget-container\">\n\t\t\t\t\t\t\t\t\t<p style=\"text-align: justify;\">Broca-Brisson L, Harati R, Disdier C, Mozner O, Gaston-Breton R, Ma\u00efza A, Costa N, Guyot AC, Sarkadi B, Apati A, Skelton MR, Madrange L, Yates F, Armengaud J, Hamoudi R, Mabondzo A. Deciphering neuronal deficit and protein profile changes in human brain organoids from patients with creatine transporter deficiency. Elife. 2023 Oct 13;12:RP88459. doi: 10.7554\/eLife.88459. PMID: 37830910; <a href=\"https:\/\/www.ncbi.nlm.nih.gov\/pmc\/articles\/PMC10575631\/\" target=\"_blank\" rel=\"noopener\">PMCID: PMC10575631.<\/a><\/p>\t\t\t\t\t\t\t\t<\/div>\n\t\t\t\t<\/div>\n\t\t\t\t<div class=\"elementor-element elementor-element-ea96870 elementor-widget elementor-widget-text-editor\" data-id=\"ea96870\" data-element_type=\"widget\" data-widget_type=\"text-editor.default\">\n\t\t\t\t<div class=\"elementor-widget-container\">\n\t\t\t\t\t\t\t\t\t<p style=\"text-align: justify;\">Re\u00e9 D, Borsy A, F\u00f3thi \u00c1, Orb\u00e1n TI, V\u00e1rady G, Erdei Z, Sarkadi B, R\u00e9thelyi J, Varga N, Ap\u00e1ti \u00c1. Establishing a human embryonic stem cell clone with a heterozygous mutation in the DGCR8 gene. Stem Cell Res. 2020 Dec 22;50:102134. doi: 10.1016\/j.scr.2020.102134. Epub ahead of print. <a href=\"https:\/\/pubmed.ncbi.nlm.nih.gov\/33360445\/\" target=\"_blank\" rel=\"noopener\">PMID: 33360445.<\/a><\/p>\t\t\t\t\t\t\t\t<\/div>\n\t\t\t\t<\/div>\n\t\t\t\t<div class=\"elementor-element elementor-element-ea0a079 elementor-widget elementor-widget-text-editor\" data-id=\"ea0a079\" data-element_type=\"widget\" data-widget_type=\"text-editor.default\">\n\t\t\t\t<div class=\"elementor-widget-container\">\n\t\t\t\t\t\t\t\t\t<p style=\"text-align: justify;\">Kovacsics D, Br\u00f3zik A, Tihanyi B, Matula Z, Borsy A, M\u00e9sz\u00e1ros N, Szab\u00f3 E, N\u00e9meth E, F\u00f3thi \u00c1, Z\u00e1mb\u00f3 B, Sz\u00fcts D, V\u00e1rady G, Orb\u00e1n TI, Ap\u00e1ti \u00c1, Sarkadi B. Precision-engineered reporter cell lines reveal ABCG2 regulation in live lung cancer cells. Biochem Pharmacol. 2020 May;175:113865. doi: 10.1016\/j.bcp.2020.113865. Epub 2020 Mar 4. <a href=\"https:\/\/pubmed.ncbi.nlm.nih.gov\/32142727\/\" target=\"_blank\" rel=\"noopener\">PMID: 32142727.<\/a><\/p>\t\t\t\t\t\t\t\t<\/div>\n\t\t\t\t<\/div>\n\t\t\t\t<div class=\"elementor-element elementor-element-3021d46 elementor-widget elementor-widget-text-editor\" data-id=\"3021d46\" data-element_type=\"widget\" data-widget_type=\"text-editor.default\">\n\t\t\t\t<div class=\"elementor-widget-container\">\n\t\t\t\t\t\t\t\t\t<p style=\"text-align: justify;\">Ol\u00e1h A, Ruppert M, Orb\u00e1n TI, Ap\u00e1ti \u00c1, Sarkadi B, Merkely B, Radovits T. Hemodynamic characterization of a transgenic rat strain stably expressing the calcium sensor protein GCaMP2. Am J Physiol Heart Circ Physiol. 2019 May 1;316(5):H1224-H1228. doi: 10.1152\/ajpheart.00074.2019. Epub 2019 Mar 15. <a href=\"https:\/\/pubmed.ncbi.nlm.nih.gov\/30875251\/\" target=\"_blank\" rel=\"noopener\">PMID: 30875251.<\/a><\/p>\t\t\t\t\t\t\t\t<\/div>\n\t\t\t\t<\/div>\n\t\t\t\t<div class=\"elementor-element elementor-element-099b7ba elementor-widget elementor-widget-text-editor\" data-id=\"099b7ba\" data-element_type=\"widget\" data-widget_type=\"text-editor.default\">\n\t\t\t\t<div class=\"elementor-widget-container\">\n\t\t\t\t\t\t\t\t\t<p style=\"text-align: justify;\"><strong>Ap\u00e1ti \u00c1, Varga N, Berecz T, Erdei Z, Homolya L, Sarkadi B. Application of human pluripotent stem cells and pluripotent stem cell-derived cellular models for assessing drug toxicity. Expert Opin Drug Metab Toxicol. 2019 Jan;15(1):61-75. doi: 10.1080\/17425255.2019.1558207. Epub 2018 Dec 17. <a href=\"https:\/\/pubmed.ncbi.nlm.nih.gov\/30526128\/\" target=\"_blank\" rel=\"noopener\">PMID: 30526128.<\/a><\/strong><\/p>\t\t\t\t\t\t\t\t<\/div>\n\t\t\t\t<\/div>\n\t\t\t\t<div class=\"elementor-element elementor-element-c891cbe elementor-widget elementor-widget-text-editor\" data-id=\"c891cbe\" data-element_type=\"widget\" data-widget_type=\"text-editor.default\">\n\t\t\t\t<div class=\"elementor-widget-container\">\n\t\t\t\t\t\t\t\t\t<p style=\"text-align: justify;\">Erdei Z, Schamberger A, T\u00f6r\u00f6k G, Szeb\u00e9nyi K, V\u00e1rady G, Orb\u00e1n TI, Homolya L, Sarkadi B, Ap\u00e1ti \u00c1. Generation of multidrug resistant human tissues by overexpression of the ABCG2 multidrug transporter in embryonic stem cells. PLoS One. 2018 Apr 12;13(4):e0194925. doi: 10.1371\/journal.pone.0194925. PMID: 29649238; <a href=\"https:\/\/www.ncbi.nlm.nih.gov\/pmc\/articles\/PMC5896897\/\" target=\"_blank\" rel=\"noopener\">PMCID: PMC5896897.<\/a><\/p>\t\t\t\t\t\t\t\t<\/div>\n\t\t\t\t<\/div>\n\t\t\t\t<div class=\"elementor-element elementor-element-907e68a elementor-widget elementor-widget-text-editor\" data-id=\"907e68a\" data-element_type=\"widget\" data-widget_type=\"text-editor.default\">\n\t\t\t\t<div class=\"elementor-widget-container\">\n\t\t\t\t\t\t\t\t\t<p style=\"text-align: justify;\"><strong>V\u0151f\u00e9ly G, Berecz T, Szab\u00f3 E, Szeb\u00e9nyi K, Hathy E, Orb\u00e1n TI, Sarkadi B, Homolya L, Marchetto MC, R\u00e9thelyi JM, Ap\u00e1ti \u00c1. Characterization of calcium signals in human induced pluripotent stem cell-derived dentate gyrus neuronal progenitors and mature neurons, stably expressing an advanced calcium indicator protein. Mol Cell Neurosci. 2018 Apr;88:222-230. doi: 10.1016\/j.mcn.2018.02.003. Epub 2018 Feb 6. <a href=\"https:\/\/pubmed.ncbi.nlm.nih.gov\/29425968\/\" target=\"_blank\" rel=\"noopener\">PMID: 29425968.<\/a><\/strong><\/p>\t\t\t\t\t\t\t\t<\/div>\n\t\t\t\t<\/div>\n\t\t\t\t<div class=\"elementor-element elementor-element-6270c67 elementor-widget elementor-widget-text-editor\" data-id=\"6270c67\" data-element_type=\"widget\" data-widget_type=\"text-editor.default\">\n\t\t\t\t<div class=\"elementor-widget-container\">\n\t\t\t\t\t\t\t\t\t<p style=\"text-align: justify;\">P\u00e1l\u00f3czi J, Varga ZV, Ap\u00e1ti \u00c1, Szeb\u00e9nyi K, Sarkadi B, Madonna R, De Caterina R, Csont T, Eschenhagen T, Ferdinandy P, G\u00f6rbe A. Exogenous Nitric Oxide Protects Human Embryonic Stem Cell-Derived Cardiomyocytes against Ischemia\/Reperfusion Injury. Oxid Med Cell Longev. 2016;2016:4298945. doi: 10.1155\/2016\/4298945. Epub 2016 Jun 15. PMID: 27403231; <a href=\"https:\/\/www.ncbi.nlm.nih.gov\/pmc\/articles\/PMC4925993\/\" target=\"_blank\" rel=\"noopener\">PMCID: PMC4925993.<\/a><\/p>\t\t\t\t\t\t\t\t<\/div>\n\t\t\t\t<\/div>\n\t\t\t\t<div class=\"elementor-element elementor-element-ee2e4c3 elementor-widget elementor-widget-text-editor\" data-id=\"ee2e4c3\" data-element_type=\"widget\" data-widget_type=\"text-editor.default\">\n\t\t\t\t<div class=\"elementor-widget-container\">\n\t\t\t\t\t\t\t\t\t<p style=\"text-align: justify;\">S\u00e1ndor S, Jordanidisz T, Schamberger A, V\u00e1rady G, Erdei Z, Ap\u00e1ti \u00c1, Sarkadi B, Orb\u00e1n TI. Functional characterization of the ABCG2 5&#8242; non-coding exon variants: Stem cell specificity, translation efficiency and the influence of drug selection. Biochim Biophys Acta. 2016 Jul;1859(7):943-51. doi: 10.1016\/j.bbagrm.2016.05.007. Epub 2016 May 15. <a href=\"https:\/\/pubmed.ncbi.nlm.nih.gov\/27191194\/\" target=\"_blank\" rel=\"noopener\">PMID: 27191194.<\/a><\/p>\t\t\t\t\t\t\t\t<\/div>\n\t\t\t\t<\/div>\n\t\t\t\t<div class=\"elementor-element elementor-element-1a4c812 elementor-widget elementor-widget-text-editor\" data-id=\"1a4c812\" data-element_type=\"widget\" data-widget_type=\"text-editor.default\">\n\t\t\t\t<div class=\"elementor-widget-container\">\n\t\t\t\t\t\t\t\t\t<p style=\"text-align: justify;\">Ap\u00e1ti \u00c1, Berecz T, Sarkadi B. Calcium signaling in human pluripotent stem cells. Cell Calcium. 2016 Mar;59(2-3):117-23. doi: 10.1016\/j.ceca.2016.01.005. Epub 2016 Feb 17. <a href=\"https:\/\/pubmed.ncbi.nlm.nih.gov\/26922096\/\" target=\"_blank\" rel=\"noopener\">PMID: 26922096.<\/a><\/p>\t\t\t\t\t\t\t\t<\/div>\n\t\t\t\t<\/div>\n\t\t\t\t<div class=\"elementor-element elementor-element-403e396 elementor-widget elementor-widget-text-editor\" data-id=\"403e396\" data-element_type=\"widget\" data-widget_type=\"text-editor.default\">\n\t\t\t\t<div class=\"elementor-widget-container\">\n\t\t\t\t\t\t\t\t\t<p style=\"text-align: justify;\"><strong>Ap\u00e1ti \u00c1, Szeb\u00e9nyi K, Erdei Z, V\u00e1rady G, Orb\u00e1n TI, Sarkadi B. The importance of drug transporters in human pluripotent stem cells and in early tissue differentiation. Expert Opin Drug Metab Toxicol. 2016;12(1):77-92. doi: 10.1517\/17425255.2016.1121382. Epub 2015 Dec 14. <a href=\"https:\/\/pubmed.ncbi.nlm.nih.gov\/26592535\/\" target=\"_blank\" rel=\"noopener\">PMID: 26592535.<\/a><\/strong><\/p>\t\t\t\t\t\t\t\t<\/div>\n\t\t\t\t<\/div>\n\t\t\t\t<div class=\"elementor-element elementor-element-5e53ca0 elementor-widget elementor-widget-text-editor\" data-id=\"5e53ca0\" data-element_type=\"widget\" data-widget_type=\"text-editor.default\">\n\t\t\t\t<div class=\"elementor-widget-container\">\n\t\t\t\t\t\t\t\t\t<p style=\"text-align: justify;\">Szeb\u00e9nyi K, F\u00fcredi A, Kolacsek O, Pergel E, B\u0151sze Z, Bender B, Vajdovich P, T\u00f3v\u00e1ri J, Homolya L, Szak\u00e1cs G, H\u00e9ja L, Enyedi \u00c1, Sarkadi B, Ap\u00e1ti \u00c1, Orb\u00e1n TI. Generation of a Homozygous Transgenic Rat Strain Stably Expressing a Calcium Sensor Protein for Direct Examination of Calcium Signaling. Sci Rep. 2015 Aug 3;5:12645. doi: 10.1038\/srep12645. PMID: 26234466; <a href=\"https:\/\/www.ncbi.nlm.nih.gov\/pmc\/articles\/PMC4522653\/\" target=\"_blank\" rel=\"noopener\">PMCID: PMC4522653.<\/a><\/p>\t\t\t\t\t\t\t\t<\/div>\n\t\t\t\t<\/div>\n\t\t\t\t<div class=\"elementor-element elementor-element-3b48444 elementor-widget elementor-widget-text-editor\" data-id=\"3b48444\" data-element_type=\"widget\" data-widget_type=\"text-editor.default\">\n\t\t\t\t<div class=\"elementor-widget-container\">\n\t\t\t\t\t\t\t\t\t<p style=\"text-align: justify;\">Erd\u00e9lyi-Belle B, T\u00f6r\u00f6k G, Ap\u00e1ti \u00c1, Sarkadi B, Schaff Z, Kiss A, Homolya L. Expression of Tight Junction Components in Hepatocyte-Like Cells Differentiated from Human Embryonic Stem Cells. Pathol Oncol Res. 2015 Sep;21(4):1059-70. doi: 10.1007\/s12253-015-9936-5. Epub 2015 Apr 7. <a href=\"https:\/\/pubmed.ncbi.nlm.nih.gov\/25845432\/\" target=\"_blank\" rel=\"noopener\">PMID: 25845432.<\/a><\/p>\t\t\t\t\t\t\t\t<\/div>\n\t\t\t\t<\/div>\n\t\t\t\t<div class=\"elementor-element elementor-element-d6aa236 elementor-widget elementor-widget-text-editor\" data-id=\"d6aa236\" data-element_type=\"widget\" data-widget_type=\"text-editor.default\">\n\t\t\t\t<div class=\"elementor-widget-container\">\n\t\t\t\t\t\t\t\t\t<p style=\"text-align: justify;\"><strong>Bacskai I, M\u00e1zl\u00f3 A, Kis-T\u00f3th K, Szab\u00f3 A, Panyi G, Sarkadi B, Ap\u00e1ti \u00c1, Rajnav\u00f6lgyi \u00c9. Mesenchymal Stromal Cell-Like Cells Set the Balance of Stimulatory and Inhibitory Signals in Monocyte-Derived Dendritic Cells. Stem Cells Dev. 2015 Aug 1;24(15):1805-16. doi: 10.1089\/scd.2014.0509. Epub 2015 Apr 29. <a href=\"https:\/\/pubmed.ncbi.nlm.nih.gov\/25808140\/\" target=\"_blank\" rel=\"noopener\">PMID: 25808140.<\/a><\/strong><\/p>\t\t\t\t\t\t\t\t<\/div>\n\t\t\t\t<\/div>\n\t\t\t\t<div class=\"elementor-element elementor-element-c8c9084 elementor-widget elementor-widget-text-editor\" data-id=\"c8c9084\" data-element_type=\"widget\" data-widget_type=\"text-editor.default\">\n\t\t\t\t<div class=\"elementor-widget-container\">\n\t\t\t\t\t\t\t\t\t<p style=\"text-align: justify;\">Szeb\u00e9nyi K, F\u00fcredi A, Kolacsek O, Csoh\u00e1ny R, Pr\u00f3kai \u00c1, Kis-Petik K, Szab\u00f3 A, B\u0151sze Z, Bender B, T\u00f3v\u00e1ri J, Enyedi \u00c1, Orb\u00e1n TI, Ap\u00e1ti \u00c1, Sarkadi B. Visualization of Calcium Dynamics in Kidney Proximal Tubules. J Am Soc Nephrol. 2015 Nov;26(11):2731-40. doi: 10.1681\/ASN.2014070705. Epub 2015 Mar 18. PMID: 25788535; <a href=\"https:\/\/www.ncbi.nlm.nih.gov\/pmc\/articles\/PMC4625667\/\" target=\"_blank\" rel=\"noopener\">PMCID: PMC4625667.<\/a><\/p>\t\t\t\t\t\t\t\t<\/div>\n\t\t\t\t<\/div>\n\t\t\t\t<div class=\"elementor-element elementor-element-5dfa888 elementor-widget elementor-widget-text-editor\" data-id=\"5dfa888\" data-element_type=\"widget\" data-widget_type=\"text-editor.default\">\n\t\t\t\t<div class=\"elementor-widget-container\">\n\t\t\t\t\t\t\t\t\t<p style=\"text-align: justify;\">Kolacsek O, Erdei Z, Ap\u00e1ti A, S\u00e1ndor S, Izsv\u00e1k Z, Ivics Z, Sarkadi B, Orb\u00e1n TI. Excision efficiency is not strongly coupled to transgenic rate: cell type-dependent transposition efficiency of sleeping beauty and piggyBac DNA transposons. Hum Gene Ther Methods. 2014 Aug;25(4):241-52. doi: 10.1089\/hgtb.2013.149. PMID: 25045962; <a href=\"https:\/\/www.ncbi.nlm.nih.gov\/pmc\/articles\/PMC4142840\/\" target=\"_blank\" rel=\"noopener\">PMCID: PMC4142840.<\/a><\/p>\t\t\t\t\t\t\t\t<\/div>\n\t\t\t\t<\/div>\n\t\t\t\t<div class=\"elementor-element elementor-element-c65fbea elementor-widget elementor-widget-text-editor\" data-id=\"c65fbea\" data-element_type=\"widget\" data-widget_type=\"text-editor.default\">\n\t\t\t\t<div class=\"elementor-widget-container\">\n\t\t\t\t\t\t\t\t\t<p style=\"text-align: justify;\">Szeb\u00e9nyi K, P\u00e9ntek A, Erdei Z, V\u00e1rady G, Orb\u00e1n TI, Sarkadi B, Ap\u00e1ti \u00c1. Efficient generation of human embryonic stem cell-derived cardiac progenitors based on tissue-specific enhanced green fluorescence protein expression. Tissue Eng Part C Methods. 2015 Jan;21(1):35-45. doi: 10.1089\/ten.TEC.2013.0646. PMID: 24734786; <a href=\"https:\/\/www.ncbi.nlm.nih.gov\/pmc\/articles\/PMC4291086\/\" target=\"_blank\" rel=\"noopener\">PMCID: PMC4291086.<\/a><\/p>\t\t\t\t\t\t\t\t<\/div>\n\t\t\t\t<\/div>\n\t\t\t\t<div class=\"elementor-element elementor-element-eedfe4e elementor-widget elementor-widget-text-editor\" data-id=\"eedfe4e\" data-element_type=\"widget\" data-widget_type=\"text-editor.default\">\n\t\t\t\t<div class=\"elementor-widget-container\">\n\t\t\t\t\t\t\t\t\t<p style=\"text-align: justify;\">Erdei Z, L\u0151rincz R, Szeb\u00e9nyi K, P\u00e9ntek A, Varga N, Lik\u00f3 I, V\u00e1rady G, Szak\u00e1cs G, Orb\u00e1n TI, Sarkadi B, Ap\u00e1ti A. Expression pattern of the human ABC transporters in pluripotent embryonic stem cells and in their derivatives. Cytometry B Clin Cytom. 2014 Sep;86(5):299-310. doi: 10.1002\/cyto.b.21168. Epub 2014 Apr 11. <a href=\"https:\/\/pubmed.ncbi.nlm.nih.gov\/24729538\/\" target=\"_blank\" rel=\"noopener\">PMID: 24729538.<\/a><\/p>\t\t\t\t\t\t\t\t<\/div>\n\t\t\t\t<\/div>\n\t\t\t\t<div class=\"elementor-element elementor-element-6cde548 elementor-widget elementor-widget-text-editor\" data-id=\"6cde548\" data-element_type=\"widget\" data-widget_type=\"text-editor.default\">\n\t\t\t\t<div class=\"elementor-widget-container\">\n\t\t\t\t\t\t\t\t\t<p style=\"text-align: justify;\"><strong>Ap\u00e1ti \u00c1, P\u00e1szty K, Heged\u0171s L, Kolacsek O, Orb\u00e1n TI, Erdei Z, Szeb\u00e9nyi K, P\u00e9ntek A, Enyedi \u00c1, Sarkadi B. Characterization of calcium signals in human embryonic stem cells and in their differentiated offspring by a stably integrated calcium indicator protein. Cell Signal. 2013 Apr;25(4):752-9. doi: 10.1016\/j.cellsig.2012.12.024. Epub 2013 Jan 7. <a href=\"https:\/\/pubmed.ncbi.nlm.nih.gov\/23305950\/\" target=\"_blank\" rel=\"noopener\">PMID: 23305950.<\/a><\/strong><\/p>\t\t\t\t\t\t\t\t<\/div>\n\t\t\t\t<\/div>\n\t\t\t\t<div class=\"elementor-element elementor-element-8d17a01 elementor-widget elementor-widget-text-editor\" data-id=\"8d17a01\" data-element_type=\"widget\" data-widget_type=\"text-editor.default\">\n\t\t\t\t<div class=\"elementor-widget-container\">\n\t\t\t\t\t\t\t\t\t<p style=\"text-align: justify;\"><strong>Erdei Z, Sarkadi B, Br\u00f3zik A, Szeb\u00e9nyi K, V\u00e1rady G, Mak\u00f3 V, P\u00e9ntek A, Orb\u00e1n TI, Ap\u00e1ti \u00c1. Dynamic ABCG2 expression in human embryonic stem cells provides the basis for stress response. Eur Biophys J. 2013 Mar;42(2-3):169-79. doi: 10.1007\/s00249-012-0838-0. Epub 2012 Aug 1. <a href=\"https:\/\/pubmed.ncbi.nlm.nih.gov\/22851001\/\" target=\"_blank\" rel=\"noopener\">PMID: 22851001.<\/a><\/strong><\/p>\t\t\t\t\t\t\t\t<\/div>\n\t\t\t\t<\/div>\n\t\t\t\t<div class=\"elementor-element elementor-element-061fefc elementor-widget elementor-widget-text-editor\" data-id=\"061fefc\" data-element_type=\"widget\" data-widget_type=\"text-editor.default\">\n\t\t\t\t<div class=\"elementor-widget-container\">\n\t\t\t\t\t\t\t\t\t<p style=\"text-align: justify;\"><strong>Varga N, Ver\u00e9b Z, Rajnav\u00f6lgyi E, N\u00e9met K, Uher F, Sarkadi B, Ap\u00e1ti A. Mesenchymal stem cell like (MSCl) cells generated from human embryonic stem cells support pluripotent cell growth. Biochem Biophys Res Commun. 2011 Oct 28;414(3):474-80. doi: 10.1016\/j.bbrc.2011.09.089. Epub 2011 Sep 24. <a href=\"https:\/\/pubmed.ncbi.nlm.nih.gov\/21971558\/\" target=\"_blank\" rel=\"noopener\">PMID: 21971558.<\/a><\/strong><\/p>\t\t\t\t\t\t\t\t<\/div>\n\t\t\t\t<\/div>\n\t\t\t\t<div class=\"elementor-element elementor-element-a12f985 elementor-widget elementor-widget-text-editor\" data-id=\"a12f985\" data-element_type=\"widget\" data-widget_type=\"text-editor.default\">\n\t\t\t\t<div class=\"elementor-widget-container\">\n\t\t\t\t\t\t\t\t\t<p style=\"text-align: justify;\"><strong>Ap\u00e1ti \u00c1, P\u00e1szty K, Erdei Z, Szeb\u00e9nyi K, Homolya L, Sarkadi B. Calcium signaling in pluripotent stem cells. Mol Cell Endocrinol. 2012 Apr 28;353(1-2):57-67. doi: 10.1016\/j.mce.2011.08.038. Epub 2011 Sep 14. <a href=\"https:\/\/pubmed.ncbi.nlm.nih.gov\/21945604\/\" target=\"_blank\" rel=\"noopener\">PMID: 21945604.<\/a><\/strong><\/p>\t\t\t\t\t\t\t\t<\/div>\n\t\t\t\t<\/div>\n\t\t\t\t<div class=\"elementor-element elementor-element-8f92e45 elementor-widget elementor-widget-text-editor\" data-id=\"8f92e45\" data-element_type=\"widget\" data-widget_type=\"text-editor.default\">\n\t\t\t\t<div class=\"elementor-widget-container\">\n\t\t\t\t\t\t\t\t\t<p style=\"text-align: justify;\"><strong>Szeb\u00e9nyi K, Erdei Z, P\u00e9ntek A, Sebe A, Orb\u00e1n TI, Sarkadi B, Ap\u00e1ti \u00c1. Human pluripotent stem cells in pharmacological and toxicological screening: new perspectives for personalized medicine. Per Med. 2011 May;8(3):347-364. doi: 10.2217\/pme.11.19. <a href=\"https:\/\/pubmed.ncbi.nlm.nih.gov\/29783530\/\" target=\"_blank\" rel=\"noopener\">PMID: 29783530.<\/a><\/strong><\/p>\t\t\t\t\t\t\t\t<\/div>\n\t\t\t\t<\/div>\n\t\t\t\t<div class=\"elementor-element elementor-element-e1a9fb9 elementor-widget elementor-widget-text-editor\" data-id=\"e1a9fb9\" data-element_type=\"widget\" data-widget_type=\"text-editor.default\">\n\t\t\t\t<div class=\"elementor-widget-container\">\n\t\t\t\t\t\t\t\t\t<p style=\"text-align: justify;\">Kolacsek O, Kr\u00edzsik V, Schamberger A, Erdei Z, Ap\u00e1ti A, V\u00e1rady G, M\u00e1t\u00e9s L, Izsv\u00e1k Z, Ivics Z, Sarkadi B, Orb\u00e1n TI. Reliable transgene-independent method for determining Sleeping Beauty transposon copy numbers. Mob DNA. 2011 Mar 3;2(1):5. doi: 10.1186\/1759-8753-2-5. Erratum in: Mob DNA. 2013 Mar 15;4(1):11. PMID: 21371313; <a href=\"https:\/\/www.ncbi.nlm.nih.gov\/pmc\/articles\/PMC3060107\/\" target=\"_blank\" rel=\"noopener\">PMCID: PMC3060107.<\/a><\/p>\t\t\t\t\t\t\t\t<\/div>\n\t\t\t\t<\/div>\n\t\t\t\t<div class=\"elementor-element elementor-element-be833da elementor-widget elementor-widget-text-editor\" data-id=\"be833da\" data-element_type=\"widget\" data-widget_type=\"text-editor.default\">\n\t\t\t\t<div class=\"elementor-widget-container\">\n\t\t\t\t\t\t\t\t\t<p style=\"text-align: justify;\"><strong>Sarkadi B, Orb\u00e1n TI, Szak\u00e1cs G, V\u00e1rady G, Schamberger A, Erdei Z, Szeb\u00e9nyi K, Homolya L, Ap\u00e1ti A. Evaluation of ABCG2 expression in human embryonic stem cells: crossing the same river twice? Stem Cells. 2010 Jan;28(1):174-6. doi: 10.1002\/stem.262. <a href=\"https:\/\/academic.oup.com\/stmcls\/article\/28\/1\/174\/6408819?login=false\" target=\"_blank\" rel=\"noopener\">PMID: 19924769.<\/a><\/strong><\/p>\t\t\t\t\t\t\t\t<\/div>\n\t\t\t\t<\/div>\n\t\t\t\t<div class=\"elementor-element elementor-element-2093aaf elementor-widget elementor-widget-text-editor\" data-id=\"2093aaf\" data-element_type=\"widget\" data-widget_type=\"text-editor.default\">\n\t\t\t\t<div class=\"elementor-widget-container\">\n\t\t\t\t\t\t\t\t\t<p style=\"text-align: justify;\"><strong>Orb\u00e1n TI, Ap\u00e1ti A, N\u00e9meth A, Varga N, Krizsik V, Schamberger A, Szeb\u00e9nyi K, Erdei Z, V\u00e1rady G, Kar\u00e1szi E, Homolya L, N\u00e9met K, G\u00f3cza E, Miskey C, M\u00e1t\u00e9s L, Ivics Z, Izsv\u00e1k Z, Sarkadi B. Applying a &#8222;double-feature&#8221; promoter to identify cardiomyocytes differentiated from human embryonic stem cells following transposon-based gene delivery. Stem Cells. 2009 May;27(5):1077-87. doi: 10.1002\/stem.45. <a href=\"https:\/\/pubmed.ncbi.nlm.nih.gov\/19415778\/\" target=\"_blank\" rel=\"noopener\">PMID: 19415778.<\/a><\/strong><\/p>\t\t\t\t\t\t\t\t<\/div>\n\t\t\t\t<\/div>\n\t\t\t\t<div class=\"elementor-element elementor-element-cf016ca elementor-widget elementor-widget-text-editor\" data-id=\"cf016ca\" data-element_type=\"widget\" data-widget_type=\"text-editor.default\">\n\t\t\t\t<div class=\"elementor-widget-container\">\n\t\t\t\t\t\t\t\t\t<p style=\"text-align: justify;\">Ap\u00e1ti A, Orb\u00e1n TI, Varga N, N\u00e9meth A, Schamberger A, Krizsik V, Erd\u00e9lyi- Belle B, Homolya L, V\u00e1rady G, Pad\u00e1nyi R, Kar\u00e1szi E, Kemna EW, N\u00e9met K, Sarkadi B. High level functional expression of the ABCG2 multidrug transporter in undifferentiated human embryonic stem cells. Biochim Biophys Acta. 2008 Dec;1778(12):2700-9. doi: 10.1016\/j.bbamem.2008.08.010. Epub 2008 Aug 20. <a href=\"https:\/\/pubmed.ncbi.nlm.nih.gov\/18793608\/\" target=\"_blank\" rel=\"noopener\">PMID: 18793608.<\/a><\/p>\t\t\t\t\t\t\t\t<\/div>\n\t\t\t\t<\/div>\n\t\t\t\t<div class=\"elementor-element elementor-element-b73b3ad elementor-widget elementor-widget-spacer\" data-id=\"b73b3ad\" data-element_type=\"widget\" data-widget_type=\"spacer.default\">\n\t\t\t\t<div class=\"elementor-widget-container\">\n\t\t\t\t\t\t\t<div class=\"elementor-spacer\">\n\t\t\t<div class=\"elementor-spacer-inner\"><\/div>\n\t\t<\/div>\n\t\t\t\t\t\t<\/div>\n\t\t\t\t<\/div>\n\t\t\t\t\t<\/div>\n\t\t\t\t<\/div>\n\t\t\t\t<\/div>\n\t\t\t\t<\/div>\n\t\t","protected":false},"excerpt":{"rendered":"<p>Publik\u00e1ci\u00f3k Broca-Brisson L, Harati R, Disdier C, Mozner O, Gaston-Breton R, Ma\u00efza A, Costa N, Guyot AC, Sarkadi B, Apati A, Skelton MR, Madrange L, Yates F, Armengaud J, Hamoudi R, Mabondzo A. Deciphering neuronal deficit and protein profile changes in human brain organoids from patients with creatine transporter deficiency. Elife. 2023 Oct 13;12:RP88459. doi: [&hellip;]<\/p>\n","protected":false},"author":1,"featured_media":0,"parent":0,"menu_order":0,"comment_status":"closed","ping_status":"closed","template":"","meta":{"footnotes":""},"class_list":["post-1471","page","type-page","status-publish","hentry"],"_links":{"self":[{"href":"https:\/\/innocellclinic.com\/hu\/wp-json\/wp\/v2\/pages\/1471","targetHints":{"allow":["GET"]}}],"collection":[{"href":"https:\/\/innocellclinic.com\/hu\/wp-json\/wp\/v2\/pages"}],"about":[{"href":"https:\/\/innocellclinic.com\/hu\/wp-json\/wp\/v2\/types\/page"}],"author":[{"embeddable":true,"href":"https:\/\/innocellclinic.com\/hu\/wp-json\/wp\/v2\/users\/1"}],"replies":[{"embeddable":true,"href":"https:\/\/innocellclinic.com\/hu\/wp-json\/wp\/v2\/comments?post=1471"}],"version-history":[{"count":40,"href":"https:\/\/innocellclinic.com\/hu\/wp-json\/wp\/v2\/pages\/1471\/revisions"}],"predecessor-version":[{"id":1574,"href":"https:\/\/innocellclinic.com\/hu\/wp-json\/wp\/v2\/pages\/1471\/revisions\/1574"}],"wp:attachment":[{"href":"https:\/\/innocellclinic.com\/hu\/wp-json\/wp\/v2\/media?parent=1471"}],"curies":[{"name":"wp","href":"https:\/\/api.w.org\/{rel}","templated":true}]}}